{"id":4490,"date":"2026-04-15T14:16:58","date_gmt":"2026-04-15T17:16:58","guid":{"rendered":"https:\/\/yamilapica.com\/?post_type=product&#038;p=4490"},"modified":"2026-04-15T14:20:15","modified_gmt":"2026-04-15T17:20:15","slug":"mix-match-planner-outfits-para-vestirte-en-otono-inspo-caroline-besset","status":"publish","type":"product","link":"https:\/\/yamilapica.com\/index.php\/producto\/mix-match-planner-outfits-para-vestirte-en-otono-inspo-caroline-besset\/","title":{"rendered":"Mix &#038; Match Planner outfits para vestirte en Oto\u00f1o  inspo Caroline Besset"},"content":{"rendered":"<h4><strong>Planifica tus Looks de Forma Tem\u00e1tica y sin Complicaciones<\/strong><\/h4>\n<p>\u00bfQueres lucir incre\u00edble sin perder tiempo frente al armario? Con los <strong>Planificadores de Looks Tem\u00e1ticos<\/strong> , tendr\u00e1s 25 combinaciones dise\u00f1adas \u00a0para inspirarte todas las ma\u00f1anas y que vestirte ya no sea un problema.<\/p>\n<p><strong>\ud83c\udf1f Tem\u00e1ticas Disponibles\u00a0<\/strong><\/p>\n<ol>\n<li><span style=\"color: #000000;\">25 looks con Jeans\u00a0<\/span><\/li>\n<li><span style=\"color: #000000;\"><em>25 Looks con Blazer\u00a0<\/em><\/span><\/li>\n<li><span style=\"color: #000000;\">25 Looks Para un Estilo Cl\u00e1sico\u00a0<\/span><\/li>\n<li><span style=\"color: #000000;\">25 Looks Para un Estilo Sporty<\/span><\/li>\n<li><span style=\"color: #000000;\">25 Looks Para un Estilo Urban chic<\/span><\/li>\n<li>25 Looks Para un Estilo Rom\u00e1ntico<\/li>\n<li>25 Looks Para un Estilo Rocker<\/li>\n<li><span style=\"color: #000000;\">25 Looks Para un Estilo Boho\u00a0<\/span><\/li>\n<li><span style=\"color: #000000;\">25 Looks Para vestirte en primavera<\/span><\/li>\n<li><span style=\"color: #000000;\">25 Looks con Camisa \u00a0\u00a0<\/span><\/li>\n<li><span style=\"color: #000000;\">25 Looks con un pantal\u00f3n negro<\/span><\/li>\n<li><span style=\"color: #000000;\">25 Looks con un pantal\u00f3n Blanco\u00a0<\/span><\/li>\n<li><span style=\"color: #000000;\">25 Looks con Texanas\u00a0<\/span><\/li>\n<li><span style=\"color: #000000;\">25 Looks Para vestirte en vacaciones\u00a0<\/span><\/li>\n<li><span style=\"color: #000000;\">25 Looks para vestirte en Invierno<\/span><\/li>\n<li>25 Looks para vestirte en oto\u00f1o <strong>\u00a0\u00a1 Nuevo!<\/strong><\/li>\n<li>25 looks para vestirte en Oto\u00f1o en la oficina <strong> \u00a1 Nuevo!\u00a0<\/strong><\/li>\n<li>25 looks para vestirte en Oto\u00f1o con estilo<em> Caroline Besset<\/em> <strong>\u00a1 Nuevo! <\/strong><span style=\"color: #ff00ff;\"><strong><em>( e<\/em>ste producto digital corresponde al Mix and Match planner 18)<\/strong><\/span><\/li>\n<li>25 looks para vestirte en Oto\u00f1o con estilo Casual <strong> \u00a1 Nuevo!\u00a0<\/strong><\/li>\n<li>25 looks para vestirte en Oto\u00f1o con vestido <strong>\u00a1 Nuevo!\u00a0<\/strong><\/li>\n<\/ol>\n<p><strong>El valor \u00a0del producto \u00a0digital expresado, corresponde a 1 ( un) \u00a0planificador de 25 outfits.\u00a0<\/strong><\/p>\n<p>&nbsp;<\/p>\n","protected":false},"excerpt":{"rendered":"<h4><strong>Planifica tus Looks de Forma Tem\u00e1tica y sin Complicaciones<\/strong><\/h4>\n<p>\u00bfQueres lucir incre\u00edble sin perder tiempo frente al armario? Con nuestros <strong>Planificadores de Looks Tem\u00e1ticos<\/strong> , tendr\u00e1s 25 combinaciones dise\u00f1adas \u00a0para inspirarte todas las ma\u00f1anas y que vestirte ya no sea un problema.<\/p>\n","protected":false},"featured_media":4491,"template":"","meta":{"_uag_custom_page_level_css":"","site-sidebar-layout":"default","site-content-layout":"","ast-site-content-layout":"default","site-content-style":"default","site-sidebar-style":"default","ast-global-header-display":"","ast-banner-title-visibility":"","ast-main-header-display":"","ast-hfb-above-header-display":"","ast-hfb-below-header-display":"","ast-hfb-mobile-header-display":"","site-post-title":"","ast-breadcrumbs-content":"","ast-featured-img":"","footer-sml-layout":"","ast-disable-related-posts":"","theme-transparent-header-meta":"default","adv-header-id-meta":"","stick-header-meta":"","header-above-stick-meta":"","header-main-stick-meta":"","header-below-stick-meta":"","astra-migrate-meta-layouts":"set","ast-page-background-enabled":"default","ast-page-background-meta":{"desktop":{"background-color":"","background-image":"","background-repeat":"repeat","background-position":"center center","background-size":"auto","background-attachment":"scroll","background-type":"","background-media":"","overlay-type":"","overlay-color":"","overlay-opacity":"","overlay-gradient":""},"tablet":{"background-color":"","background-image":"","background-repeat":"repeat","background-position":"center center","background-size":"auto","background-attachment":"scroll","background-type":"","background-media":"","overlay-type":"","overlay-color":"","overlay-opacity":"","overlay-gradient":""},"mobile":{"background-color":"","background-image":"","background-repeat":"repeat","background-position":"center center","background-size":"auto","background-attachment":"scroll","background-type":"","background-media":"","overlay-type":"","overlay-color":"","overlay-opacity":"","overlay-gradient":""}},"ast-content-background-meta":{"desktop":{"background-color":"var(--ast-global-color-5)","background-image":"","background-repeat":"repeat","background-position":"center center","background-size":"auto","background-attachment":"scroll","background-type":"","background-media":"","overlay-type":"","overlay-color":"","overlay-opacity":"","overlay-gradient":""},"tablet":{"background-color":"var(--ast-global-color-5)","background-image":"","background-repeat":"repeat","background-position":"center center","background-size":"auto","background-attachment":"scroll","background-type":"","background-media":"","overlay-type":"","overlay-color":"","overlay-opacity":"","overlay-gradient":""},"mobile":{"background-color":"var(--ast-global-color-5)","background-image":"","background-repeat":"repeat","background-position":"center center","background-size":"auto","background-attachment":"scroll","background-type":"","background-media":"","overlay-type":"","overlay-color":"","overlay-opacity":"","overlay-gradient":""}}},"product_brand":[],"product_cat":[157],"product_tag":[239],"class_list":{"0":"post-4490","1":"product","2":"type-product","3":"status-publish","4":"has-post-thumbnail","6":"product_cat-productos","7":"product_tag-planner","8":"post","9":"desktop-align-left","10":"tablet-align-left","11":"mobile-align-left","13":"first","14":"instock","15":"downloadable","16":"virtual","17":"purchasable","18":"product-type-simple"},"yoast_head":"<!-- This site is optimized with the Yoast SEO plugin v27.0 - https:\/\/yoast.com\/product\/yoast-seo-wordpress\/ -->\n<title>Mix &amp; Match Planner outfits para vestirte en Oto\u00f1o inspo Caroline Besset - Asesora de Imagen- Yamila Pica<\/title>\n<meta name=\"description\" content=\"Cuando no sabes que ponerte, el mix and match planner outifit es ideal para que puedas rapidamente armar looks que te hagan sentir c\u00f3moda, y respeten tu personalidad\" \/>\n<meta name=\"robots\" content=\"index, follow, max-snippet:-1, max-image-preview:large, max-video-preview:-1\" \/>\n<link rel=\"canonical\" href=\"https:\/\/yamilapica.com\/index.php\/producto\/mix-match-planner-outfits-para-vestirte-en-otono-inspo-caroline-besset\/\" \/>\n<meta property=\"og:locale\" content=\"es_ES\" \/>\n<meta property=\"og:type\" content=\"article\" \/>\n<meta property=\"og:title\" content=\"Mix &amp; Match Planner outfits para vestirte en Oto\u00f1o inspo Caroline Besset - Asesora de Imagen- Yamila Pica\" \/>\n<meta property=\"og:description\" content=\"Cuando no sabes que ponerte, el mix and match planner outifit es ideal para que puedas rapidamente armar looks que te hagan sentir c\u00f3moda, y respeten tu personalidad\" \/>\n<meta property=\"og:url\" content=\"https:\/\/yamilapica.com\/index.php\/producto\/mix-match-planner-outfits-para-vestirte-en-otono-inspo-caroline-besset\/\" \/>\n<meta property=\"og:site_name\" content=\"Asesora de Imagen- Yamila Pica\" \/>\n<meta property=\"article:modified_time\" content=\"2026-04-15T17:20:15+00:00\" \/>\n<meta property=\"og:image\" content=\"https:\/\/yamilapica.com\/wp-content\/uploads\/2026\/04\/Captura-de-pantalla-2026-04-15-a-las-2.19.28-p.-m.png\" \/>\n\t<meta property=\"og:image:width\" content=\"554\" \/>\n\t<meta property=\"og:image:height\" content=\"474\" \/>\n\t<meta property=\"og:image:type\" content=\"image\/png\" \/>\n<meta name=\"twitter:card\" content=\"summary_large_image\" \/>\n<meta name=\"twitter:label1\" content=\"Tiempo de lectura\" \/>\n\t<meta name=\"twitter:data1\" content=\"2 minutos\" \/>\n<script type=\"application\/ld+json\" class=\"yoast-schema-graph\">{\"@context\":\"https:\/\/schema.org\",\"@graph\":[{\"@type\":\"WebPage\",\"@id\":\"https:\/\/yamilapica.com\/index.php\/producto\/mix-match-planner-outfits-para-vestirte-en-otono-inspo-caroline-besset\/\",\"url\":\"https:\/\/yamilapica.com\/index.php\/producto\/mix-match-planner-outfits-para-vestirte-en-otono-inspo-caroline-besset\/\",\"name\":\"Mix & Match Planner outfits para vestirte en Oto\u00f1o inspo Caroline Besset - Asesora de Imagen- Yamila Pica\",\"isPartOf\":{\"@id\":\"https:\/\/yamilapica.com\/#website\"},\"primaryImageOfPage\":{\"@id\":\"https:\/\/yamilapica.com\/index.php\/producto\/mix-match-planner-outfits-para-vestirte-en-otono-inspo-caroline-besset\/#primaryimage\"},\"image\":{\"@id\":\"https:\/\/yamilapica.com\/index.php\/producto\/mix-match-planner-outfits-para-vestirte-en-otono-inspo-caroline-besset\/#primaryimage\"},\"thumbnailUrl\":\"https:\/\/yamilapica.com\/wp-content\/uploads\/2026\/04\/Captura-de-pantalla-2026-04-15-a-las-2.19.28-p.-m.png\",\"datePublished\":\"2026-04-15T17:16:58+00:00\",\"dateModified\":\"2026-04-15T17:20:15+00:00\",\"description\":\"Cuando no sabes que ponerte, el mix and match planner outifit es ideal para que puedas rapidamente armar looks que te hagan sentir c\u00f3moda, y respeten tu personalidad\",\"breadcrumb\":{\"@id\":\"https:\/\/yamilapica.com\/index.php\/producto\/mix-match-planner-outfits-para-vestirte-en-otono-inspo-caroline-besset\/#breadcrumb\"},\"inLanguage\":\"es\",\"potentialAction\":[{\"@type\":\"ReadAction\",\"target\":[\"https:\/\/yamilapica.com\/index.php\/producto\/mix-match-planner-outfits-para-vestirte-en-otono-inspo-caroline-besset\/\"]}]},{\"@type\":\"ImageObject\",\"inLanguage\":\"es\",\"@id\":\"https:\/\/yamilapica.com\/index.php\/producto\/mix-match-planner-outfits-para-vestirte-en-otono-inspo-caroline-besset\/#primaryimage\",\"url\":\"https:\/\/yamilapica.com\/wp-content\/uploads\/2026\/04\/Captura-de-pantalla-2026-04-15-a-las-2.19.28-p.-m.png\",\"contentUrl\":\"https:\/\/yamilapica.com\/wp-content\/uploads\/2026\/04\/Captura-de-pantalla-2026-04-15-a-las-2.19.28-p.-m.png\",\"width\":554,\"height\":474},{\"@type\":\"BreadcrumbList\",\"@id\":\"https:\/\/yamilapica.com\/index.php\/producto\/mix-match-planner-outfits-para-vestirte-en-otono-inspo-caroline-besset\/#breadcrumb\",\"itemListElement\":[{\"@type\":\"ListItem\",\"position\":1,\"name\":\"Portada\",\"item\":\"https:\/\/yamilapica.com\/\"},{\"@type\":\"ListItem\",\"position\":2,\"name\":\"Tienda\",\"item\":\"https:\/\/yamilapica.com\/index.php\/tienda\/\"},{\"@type\":\"ListItem\",\"position\":3,\"name\":\"Mix &#038; Match Planner outfits para vestirte en Oto\u00f1o inspo Caroline Besset\"}]},{\"@type\":\"WebSite\",\"@id\":\"https:\/\/yamilapica.com\/#website\",\"url\":\"https:\/\/yamilapica.com\/\",\"name\":\"Yamila Pica - Bienvenida a tu Belleza Honesta!\",\"description\":\"ASESORA DE IMAGEN\",\"publisher\":{\"@id\":\"https:\/\/yamilapica.com\/#\/schema\/person\/0b49a5249c773db8925680f7cb8be734\"},\"potentialAction\":[{\"@type\":\"SearchAction\",\"target\":{\"@type\":\"EntryPoint\",\"urlTemplate\":\"https:\/\/yamilapica.com\/?s={search_term_string}\"},\"query-input\":{\"@type\":\"PropertyValueSpecification\",\"valueRequired\":true,\"valueName\":\"search_term_string\"}}],\"inLanguage\":\"es\"},{\"@type\":[\"Person\",\"Organization\"],\"@id\":\"https:\/\/yamilapica.com\/#\/schema\/person\/0b49a5249c773db8925680f7cb8be734\",\"name\":\"Yamila Pica\",\"image\":{\"@type\":\"ImageObject\",\"inLanguage\":\"es\",\"@id\":\"https:\/\/yamilapica.com\/#\/schema\/person\/image\/\",\"url\":\"https:\/\/yamilapica.com\/wp-content\/uploads\/2022\/04\/Webp.net-resizeimage-13.jpg\",\"contentUrl\":\"https:\/\/yamilapica.com\/wp-content\/uploads\/2022\/04\/Webp.net-resizeimage-13.jpg\",\"width\":250,\"height\":78,\"caption\":\"Yamila Pica\"},\"logo\":{\"@id\":\"https:\/\/yamilapica.com\/#\/schema\/person\/image\/\"},\"sameAs\":[\"http:\/\/www.yamilapica.com\"]}]}<\/script>\n<!-- \/ Yoast SEO plugin. -->","yoast_head_json":{"title":"Mix & Match Planner outfits para vestirte en Oto\u00f1o inspo Caroline Besset - Asesora de Imagen- Yamila Pica","description":"Cuando no sabes que ponerte, el mix and match planner outifit es ideal para que puedas rapidamente armar looks que te hagan sentir c\u00f3moda, y respeten tu personalidad","robots":{"index":"index","follow":"follow","max-snippet":"max-snippet:-1","max-image-preview":"max-image-preview:large","max-video-preview":"max-video-preview:-1"},"canonical":"https:\/\/yamilapica.com\/index.php\/producto\/mix-match-planner-outfits-para-vestirte-en-otono-inspo-caroline-besset\/","og_locale":"es_ES","og_type":"article","og_title":"Mix & Match Planner outfits para vestirte en Oto\u00f1o inspo Caroline Besset - Asesora de Imagen- Yamila Pica","og_description":"Cuando no sabes que ponerte, el mix and match planner outifit es ideal para que puedas rapidamente armar looks que te hagan sentir c\u00f3moda, y respeten tu personalidad","og_url":"https:\/\/yamilapica.com\/index.php\/producto\/mix-match-planner-outfits-para-vestirte-en-otono-inspo-caroline-besset\/","og_site_name":"Asesora de Imagen- Yamila Pica","article_modified_time":"2026-04-15T17:20:15+00:00","og_image":[{"width":554,"height":474,"url":"https:\/\/yamilapica.com\/wp-content\/uploads\/2026\/04\/Captura-de-pantalla-2026-04-15-a-las-2.19.28-p.-m.png","type":"image\/png"}],"twitter_card":"summary_large_image","twitter_misc":{"Tiempo de lectura":"2 minutos"},"schema":{"@context":"https:\/\/schema.org","@graph":[{"@type":"WebPage","@id":"https:\/\/yamilapica.com\/index.php\/producto\/mix-match-planner-outfits-para-vestirte-en-otono-inspo-caroline-besset\/","url":"https:\/\/yamilapica.com\/index.php\/producto\/mix-match-planner-outfits-para-vestirte-en-otono-inspo-caroline-besset\/","name":"Mix & Match Planner outfits para vestirte en Oto\u00f1o inspo Caroline Besset - Asesora de Imagen- Yamila Pica","isPartOf":{"@id":"https:\/\/yamilapica.com\/#website"},"primaryImageOfPage":{"@id":"https:\/\/yamilapica.com\/index.php\/producto\/mix-match-planner-outfits-para-vestirte-en-otono-inspo-caroline-besset\/#primaryimage"},"image":{"@id":"https:\/\/yamilapica.com\/index.php\/producto\/mix-match-planner-outfits-para-vestirte-en-otono-inspo-caroline-besset\/#primaryimage"},"thumbnailUrl":"https:\/\/yamilapica.com\/wp-content\/uploads\/2026\/04\/Captura-de-pantalla-2026-04-15-a-las-2.19.28-p.-m.png","datePublished":"2026-04-15T17:16:58+00:00","dateModified":"2026-04-15T17:20:15+00:00","description":"Cuando no sabes que ponerte, el mix and match planner outifit es ideal para que puedas rapidamente armar looks que te hagan sentir c\u00f3moda, y respeten tu personalidad","breadcrumb":{"@id":"https:\/\/yamilapica.com\/index.php\/producto\/mix-match-planner-outfits-para-vestirte-en-otono-inspo-caroline-besset\/#breadcrumb"},"inLanguage":"es","potentialAction":[{"@type":"ReadAction","target":["https:\/\/yamilapica.com\/index.php\/producto\/mix-match-planner-outfits-para-vestirte-en-otono-inspo-caroline-besset\/"]}]},{"@type":"ImageObject","inLanguage":"es","@id":"https:\/\/yamilapica.com\/index.php\/producto\/mix-match-planner-outfits-para-vestirte-en-otono-inspo-caroline-besset\/#primaryimage","url":"https:\/\/yamilapica.com\/wp-content\/uploads\/2026\/04\/Captura-de-pantalla-2026-04-15-a-las-2.19.28-p.-m.png","contentUrl":"https:\/\/yamilapica.com\/wp-content\/uploads\/2026\/04\/Captura-de-pantalla-2026-04-15-a-las-2.19.28-p.-m.png","width":554,"height":474},{"@type":"BreadcrumbList","@id":"https:\/\/yamilapica.com\/index.php\/producto\/mix-match-planner-outfits-para-vestirte-en-otono-inspo-caroline-besset\/#breadcrumb","itemListElement":[{"@type":"ListItem","position":1,"name":"Portada","item":"https:\/\/yamilapica.com\/"},{"@type":"ListItem","position":2,"name":"Tienda","item":"https:\/\/yamilapica.com\/index.php\/tienda\/"},{"@type":"ListItem","position":3,"name":"Mix &#038; Match Planner outfits para vestirte en Oto\u00f1o inspo Caroline Besset"}]},{"@type":"WebSite","@id":"https:\/\/yamilapica.com\/#website","url":"https:\/\/yamilapica.com\/","name":"Yamila Pica - Bienvenida a tu Belleza Honesta!","description":"ASESORA DE IMAGEN","publisher":{"@id":"https:\/\/yamilapica.com\/#\/schema\/person\/0b49a5249c773db8925680f7cb8be734"},"potentialAction":[{"@type":"SearchAction","target":{"@type":"EntryPoint","urlTemplate":"https:\/\/yamilapica.com\/?s={search_term_string}"},"query-input":{"@type":"PropertyValueSpecification","valueRequired":true,"valueName":"search_term_string"}}],"inLanguage":"es"},{"@type":["Person","Organization"],"@id":"https:\/\/yamilapica.com\/#\/schema\/person\/0b49a5249c773db8925680f7cb8be734","name":"Yamila Pica","image":{"@type":"ImageObject","inLanguage":"es","@id":"https:\/\/yamilapica.com\/#\/schema\/person\/image\/","url":"https:\/\/yamilapica.com\/wp-content\/uploads\/2022\/04\/Webp.net-resizeimage-13.jpg","contentUrl":"https:\/\/yamilapica.com\/wp-content\/uploads\/2022\/04\/Webp.net-resizeimage-13.jpg","width":250,"height":78,"caption":"Yamila Pica"},"logo":{"@id":"https:\/\/yamilapica.com\/#\/schema\/person\/image\/"},"sameAs":["http:\/\/www.yamilapica.com"]}]}},"uagb_featured_image_src":{"full":["https:\/\/yamilapica.com\/wp-content\/uploads\/2026\/04\/Captura-de-pantalla-2026-04-15-a-las-2.19.28-p.-m.png",554,474,false],"thumbnail":["https:\/\/yamilapica.com\/wp-content\/uploads\/2026\/04\/Captura-de-pantalla-2026-04-15-a-las-2.19.28-p.-m-150x150.png",150,150,true],"medium":["https:\/\/yamilapica.com\/wp-content\/uploads\/2026\/04\/Captura-de-pantalla-2026-04-15-a-las-2.19.28-p.-m-300x257.png",300,257,true],"medium_large":["https:\/\/yamilapica.com\/wp-content\/uploads\/2026\/04\/Captura-de-pantalla-2026-04-15-a-las-2.19.28-p.-m.png",554,474,false],"large":["https:\/\/yamilapica.com\/wp-content\/uploads\/2026\/04\/Captura-de-pantalla-2026-04-15-a-las-2.19.28-p.-m.png",554,474,false],"1536x1536":["https:\/\/yamilapica.com\/wp-content\/uploads\/2026\/04\/Captura-de-pantalla-2026-04-15-a-las-2.19.28-p.-m.png",554,474,false],"2048x2048":["https:\/\/yamilapica.com\/wp-content\/uploads\/2026\/04\/Captura-de-pantalla-2026-04-15-a-las-2.19.28-p.-m.png",554,474,false],"course_archive_thumbnail":["https:\/\/yamilapica.com\/wp-content\/uploads\/2026\/04\/Captura-de-pantalla-2026-04-15-a-las-2.19.28-p.-m-117x100.png",117,100,true],"course_single_thumbnail":["https:\/\/yamilapica.com\/wp-content\/uploads\/2026\/04\/Captura-de-pantalla-2026-04-15-a-las-2.19.28-p.-m-117x100.png",117,100,true],"lesson_archive_thumbnail":["https:\/\/yamilapica.com\/wp-content\/uploads\/2026\/04\/Captura-de-pantalla-2026-04-15-a-las-2.19.28-p.-m-175x150.png",175,150,true],"lesson_single_thumbnail":["https:\/\/yamilapica.com\/wp-content\/uploads\/2026\/04\/Captura-de-pantalla-2026-04-15-a-las-2.19.28-p.-m-175x150.png",175,150,true],"woocommerce_thumbnail":["https:\/\/yamilapica.com\/wp-content\/uploads\/2026\/04\/Captura-de-pantalla-2026-04-15-a-las-2.19.28-p.-m-300x300.png",300,300,true],"woocommerce_single":["https:\/\/yamilapica.com\/wp-content\/uploads\/2026\/04\/Captura-de-pantalla-2026-04-15-a-las-2.19.28-p.-m.png",554,474,false],"woocommerce_gallery_thumbnail":["https:\/\/yamilapica.com\/wp-content\/uploads\/2026\/04\/Captura-de-pantalla-2026-04-15-a-las-2.19.28-p.-m-100x100.png",100,100,true]},"uagb_author_info":{"display_name":"Yamila Pica","author_link":"https:\/\/yamilapica.com\/index.php\/author\/"},"uagb_comment_info":0,"uagb_excerpt":"Planifica tus Looks de Forma Tem\u00e1tica y sin Complicaciones \u00bfQueres lucir incre\u00edble sin perder tiempo frente al armario? Con nuestros Planificadores de Looks Tem\u00e1ticos , tendr\u00e1s 25 combinaciones dise\u00f1adas \u00a0para inspirarte todas las ma\u00f1anas y que vestirte ya no sea un problema.","_links":{"self":[{"href":"https:\/\/yamilapica.com\/index.php\/wp-json\/wp\/v2\/product\/4490","targetHints":{"allow":["GET"]}}],"collection":[{"href":"https:\/\/yamilapica.com\/index.php\/wp-json\/wp\/v2\/product"}],"about":[{"href":"https:\/\/yamilapica.com\/index.php\/wp-json\/wp\/v2\/types\/product"}],"version-history":[{"count":1,"href":"https:\/\/yamilapica.com\/index.php\/wp-json\/wp\/v2\/product\/4490\/revisions"}],"predecessor-version":[{"id":4492,"href":"https:\/\/yamilapica.com\/index.php\/wp-json\/wp\/v2\/product\/4490\/revisions\/4492"}],"wp:featuredmedia":[{"embeddable":true,"href":"https:\/\/yamilapica.com\/index.php\/wp-json\/wp\/v2\/media\/4491"}],"wp:attachment":[{"href":"https:\/\/yamilapica.com\/index.php\/wp-json\/wp\/v2\/media?parent=4490"}],"wp:term":[{"taxonomy":"product_brand","embeddable":true,"href":"https:\/\/yamilapica.com\/index.php\/wp-json\/wp\/v2\/product_brand?post=4490"},{"taxonomy":"product_cat","embeddable":true,"href":"https:\/\/yamilapica.com\/index.php\/wp-json\/wp\/v2\/product_cat?post=4490"},{"taxonomy":"product_tag","embeddable":true,"href":"https:\/\/yamilapica.com\/index.php\/wp-json\/wp\/v2\/product_tag?post=4490"}],"curies":[{"name":"wp","href":"https:\/\/api.w.org\/{rel}","templated":true}]}}