{"id":3835,"date":"2024-12-29T11:33:56","date_gmt":"2024-12-29T14:33:56","guid":{"rendered":"https:\/\/yamilapica.com\/?post_type=product&#038;p=3835"},"modified":"2026-01-17T18:16:43","modified_gmt":"2026-01-17T21:16:43","slug":"programa-belleza-honesta","status":"publish","type":"product","link":"https:\/\/yamilapica.com\/index.php\/producto\/programa-belleza-honesta\/","title":{"rendered":"Programa Belleza Honesta"},"content":{"rendered":"<p><strong>\u00bfQu\u00e9 Vas a Aprender?<\/strong><\/p>\n<p>Con el <strong>Programa Belleza Honesta<\/strong>, descubrir\u00e1s:<\/p>\n<ul>\n<li>C\u00f3mo dise\u00f1ar tu propia imagen personal: Comprend\u00e9 qui\u00e9n sos y qu\u00e9 quer\u00e9s<br \/>\ncomunicar al mundo.<\/li>\n<li>Herramientas pr\u00e1cticas para potenciar tu estilo y sentirte aut\u00e9ntica.<\/li>\n<li>\u00a0Una mirada amorosa y objetiva hacia vos misma: Aprend\u00e9 a mirarte con ojos<br \/>\nsinceros y a encontrar lo mejor de vos frente al espejo.<\/li>\n<li>Este programa no es una capacitaci\u00f3n profesional, sino una oportunidad \u00fanica para<br \/>\ntrabajar en vos misma y encontrar esa versi\u00f3n que te haga sentir m\u00e1s plena y segura.<\/li>\n<\/ul>\n<p>&nbsp;<\/p>\n<p><strong>\u00bfPor Qu\u00e9 Elegir Belleza Honesta?<\/strong><\/p>\n<p>Porque se trata de algo m\u00e1s profundo que un cambio exterior. Este programa te ayudar\u00e1 a:<\/p>\n<ul>\n<li>Conectar con tu esencia y reflejarla a trav\u00e9s de tu imagen.<\/li>\n<li>Ganar confianza y seguridad en vos misma.<\/li>\n<li>\u00a0Comunicar tu autenticidad en todos los aspectos de tu vida.<\/li>\n<\/ul>\n<p>No importa si nunca trabajaste en tu imagen antes. Con el enfoque \u00fanico del <strong>Programa<\/strong> <strong>Belleza Honesta<\/strong>, vas a encontrar el equilibrio entre qui\u00e9n sos y c\u00f3mo quer\u00e9s que te vean.<\/p>\n<p>&nbsp;<\/p>\n<p><strong>Este Programa Es Para Vos Si\u2026<\/strong><\/p>\n<ul>\n<li>Quer\u00e9s sentirte c\u00f3moda y segura con tu imagen personal.<\/li>\n<li>Dese\u00e1s proyectar una versi\u00f3n aut\u00e9ntica y poderosa de vos misma.<\/li>\n<li>Busc\u00e1s herramientas simples y pr\u00e1cticas para potenciar tu estilo.<\/li>\n<\/ul>\n<p>&nbsp;<\/p>\n<p><strong>\u00a1Comenz\u00e1 Hoy Mismo!<\/strong><\/p>\n<p>No sigas esperando. Tu transformaci\u00f3n comienza con un paso. El <strong>Programa Belleza Honesta<\/strong> te est\u00e1 esperando para ayudarte a reconectar con vos misma y dise\u00f1ar la<br \/>\nimagen que siempre so\u00f1aste.<br \/>\n\u00a1Inscribite ahora y descubr\u00ed el poder de la belleza aut\u00e9ntica!<\/p>\n<p><strong>Disponible online \u2013 Accesible 24\/7 para que lo hagas a tu ritmo.<\/strong><\/p>\n<p>&nbsp;<\/p>\n<h3><strong>\u00bfEn Que Consiste el Programa Belleza honesta?<\/strong><\/h3>\n<p>&nbsp;<\/p>\n<p><strong>M\u00f3dulo 1: Identidad Visual \u2013 Estilo e imagen personal<\/strong><\/p>\n<p>&#8211; Imagen personal<br \/>\n&#8211; Comunicaci\u00f3n e impacto visual<br \/>\n&#8211; Estilos personales<br \/>\n&#8211; Test de estilos para descubrir tu identidad visual<\/p>\n<p>&nbsp;<\/p>\n<p><strong>M\u00f3dulo 2: Identidad corporal \u2013 Tipolog\u00eda de cuerpo y visagismo<\/strong><\/p>\n<p>&#8211; Test personalizado para Diagn\u00f3stico de silueta corporal &#8211; <strong>OFFLINE<\/strong><br \/>\n&#8211; Ficha de prendas para tu tipo de cuerpos &#8211; <strong>Material te\u00f3rico descargable<\/strong><br \/>\n&#8211; \u00bf C\u00f3mo vestir tu tipo de cuerpo?<br \/>\n&#8211; Prendas ideales Tren superior<br \/>\n-Prendas ideales tren inferior<br \/>\n&#8211; Test personalizado de visagismo &#8211; <strong>OFFLINE<\/strong><br \/>\n&#8211; Definiciones sobre Cortes de cabello y accesorios ideales seg\u00fan el tipo de<br \/>\nrostro<br \/>\n&#8211; Ficha de Accesorios y cortes de cabello &#8211; <strong>Material te\u00f3rico Descargable<\/strong><\/p>\n<p>&nbsp;<\/p>\n<p><strong>M\u00f3dulo 3: Identidad Crom\u00e1tica Personal- Colorimetr\u00eda y ABC del uso del color<\/strong><br \/>\n&#8211; Diagn\u00f3stico personalizado de colorimetr\u00eda &#8211; <strong>OFFLINE<\/strong><br \/>\n&#8211; Carta personal de colores- <strong>Material te\u00f3rico Descargable<\/strong><br \/>\n&#8211; Implicancia de la colorimetr\u00eda en la imagen personal<br \/>\n&#8211; ABC del uso del color- Combinaci\u00f3n de colores en nuestro outfit<br \/>\n&#8211; ABC del uso del color- Uso del color para generar un impacto positivo en<br \/>\nnuestra comunicaci\u00f3n ( Simbolog\u00eda del color)<\/p>\n<p>&nbsp;<\/p>\n<p><strong>Etapa 4: Guardarropas optimizado<\/strong><\/p>\n<p>&#8211; Sostener tu trasformaci\u00f3n requiere de un guardarropas inteligente<br \/>\n&#8211; Guardarropas inteligente<br \/>\n&#8211; Orden del guardarropas para un vestir optimizado<br \/>\n&#8211; Prendas B\u00e1sicas y Fondo de armario<br \/>\n&#8211; Accesorios para coronar tus looks<\/p>\n<p>&nbsp;<\/p>\n<h3>Metodolog\u00eda Online &#8211; Offline:<\/h3>\n<p>&nbsp;<\/p>\n<p>El <strong>Programa Belleza Honesta<\/strong> incluye los 4 talleres m\u00e1s importantes para hacerlos en <strong>formato ON-DEMAND<\/strong> es decir a tu ritmo, desde cualquier parte del mundo.<\/p>\n<p>Para aquellos m\u00f3dulos que indican metodolog\u00edas OFFLINE, se te solicitar\u00e1 informaci\u00f3n por via e-mail para que puedas tener una experiencia absolutamente personalizada, y as\u00ed puedas tener tu propia informaci\u00f3n sobre aquellos puntos de tu imagen personal que te hacen sentir inc\u00f3moda, o simplemente nunca supiste como manejarlos.<\/p>\n<p>&nbsp;<\/p>\n<p><strong>INFORMACI\u00d3N IMPORTANTE\u00a0<\/strong><br \/>\nLas fichas, videos y dem\u00e1s material que forma parte del taller est\u00e1n protegidos por los derechos del COPYRIGHT<br \/>\nAcceso al programa durante 30 d\u00edas- No incluye sesiones 1 a 1 ni consultas personalizadas.<\/p>\n","protected":false},"excerpt":{"rendered":"<h4><strong>\u00bfEst\u00e1s lista para redescubrirte y proyectar tu mejor versi\u00f3n?<\/strong><\/h4>\n<p>&nbsp;<\/p>\n<p>El <strong>Programa Belleza Honesta<\/strong> es mucho m\u00e1s que un taller.<\/p>\n<p>Es un viaje hacia vos misma, dise\u00f1ado para que aprendas a manejar tu imagen personal con herramientas concretas y una mirada honesta y amorosa.<\/p>\n<p>Este programa est\u00e1 pensado para mujeres que desean conectar con su esencia, potenciar su autoestima y comunicar qui\u00e9nes son realmente a trav\u00e9s de su<br \/>\nimagen.<\/p>\n","protected":false},"featured_media":2351,"template":"","meta":{"_uag_custom_page_level_css":"","site-sidebar-layout":"default","site-content-layout":"","ast-site-content-layout":"default","site-content-style":"default","site-sidebar-style":"default","ast-global-header-display":"","ast-banner-title-visibility":"","ast-main-header-display":"","ast-hfb-above-header-display":"","ast-hfb-below-header-display":"","ast-hfb-mobile-header-display":"","site-post-title":"","ast-breadcrumbs-content":"","ast-featured-img":"","footer-sml-layout":"","ast-disable-related-posts":"","theme-transparent-header-meta":"default","adv-header-id-meta":"","stick-header-meta":"","header-above-stick-meta":"","header-main-stick-meta":"","header-below-stick-meta":"","astra-migrate-meta-layouts":"set","ast-page-background-enabled":"default","ast-page-background-meta":{"desktop":{"background-color":"","background-image":"","background-repeat":"repeat","background-position":"center center","background-size":"auto","background-attachment":"scroll","background-type":"","background-media":"","overlay-type":"","overlay-color":"","overlay-opacity":"","overlay-gradient":""},"tablet":{"background-color":"","background-image":"","background-repeat":"repeat","background-position":"center center","background-size":"auto","background-attachment":"scroll","background-type":"","background-media":"","overlay-type":"","overlay-color":"","overlay-opacity":"","overlay-gradient":""},"mobile":{"background-color":"","background-image":"","background-repeat":"repeat","background-position":"center center","background-size":"auto","background-attachment":"scroll","background-type":"","background-media":"","overlay-type":"","overlay-color":"","overlay-opacity":"","overlay-gradient":""}},"ast-content-background-meta":{"desktop":{"background-color":"var(--ast-global-color-5)","background-image":"","background-repeat":"repeat","background-position":"center center","background-size":"auto","background-attachment":"scroll","background-type":"","background-media":"","overlay-type":"","overlay-color":"","overlay-opacity":"","overlay-gradient":""},"tablet":{"background-color":"var(--ast-global-color-5)","background-image":"","background-repeat":"repeat","background-position":"center center","background-size":"auto","background-attachment":"scroll","background-type":"","background-media":"","overlay-type":"","overlay-color":"","overlay-opacity":"","overlay-gradient":""},"mobile":{"background-color":"var(--ast-global-color-5)","background-image":"","background-repeat":"repeat","background-position":"center center","background-size":"auto","background-attachment":"scroll","background-type":"","background-media":"","overlay-type":"","overlay-color":"","overlay-opacity":"","overlay-gradient":""}}},"product_brand":[],"product_cat":[154],"product_tag":[241,22],"class_list":{"0":"post-3835","1":"product","2":"type-product","3":"status-publish","4":"has-post-thumbnail","6":"product_cat-talleres-on-demand","7":"product_tag-programa-belleza-honesta","8":"product_tag-taller","9":"post","10":"desktop-align-left","11":"tablet-align-left","12":"mobile-align-left","14":"first","15":"instock","16":"virtual","17":"purchasable","18":"product-type-simple"},"yoast_head":"<!-- This site is optimized with the Yoast SEO plugin v27.0 - https:\/\/yoast.com\/product\/yoast-seo-wordpress\/ -->\n<title>Programa Belleza Honesta - Asesora de Imagen- Yamila Pica<\/title>\n<meta name=\"robots\" content=\"index, follow, max-snippet:-1, max-image-preview:large, max-video-preview:-1\" \/>\n<link rel=\"canonical\" href=\"https:\/\/yamilapica.com\/index.php\/producto\/programa-belleza-honesta\/\" \/>\n<meta property=\"og:locale\" content=\"es_ES\" \/>\n<meta property=\"og:type\" content=\"article\" \/>\n<meta property=\"og:title\" content=\"Programa Belleza Honesta - Asesora de Imagen- Yamila Pica\" \/>\n<meta property=\"og:description\" content=\"\u00bfEst\u00e1s lista para redescubrirte y proyectar tu mejor versi\u00f3n? &nbsp;  El Programa Belleza Honesta es mucho m\u00e1s que un taller.  Es un viaje hacia vos misma, dise\u00f1ado para que aprendas a manejar tu imagen personal con herramientas concretas y una mirada honesta y amorosa.  Este programa est\u00e1 pensado para mujeres que desean conectar con su esencia, potenciar su autoestima y comunicar qui\u00e9nes son realmente a trav\u00e9s de su imagen.\" \/>\n<meta property=\"og:url\" content=\"https:\/\/yamilapica.com\/index.php\/producto\/programa-belleza-honesta\/\" \/>\n<meta property=\"og:site_name\" content=\"Asesora de Imagen- Yamila Pica\" \/>\n<meta property=\"article:modified_time\" content=\"2026-01-17T21:16:43+00:00\" \/>\n<meta property=\"og:image\" content=\"https:\/\/yamilapica.com\/wp-content\/uploads\/2022\/05\/LMF_7646-scaled.jpg\" \/>\n\t<meta property=\"og:image:width\" content=\"2048\" \/>\n\t<meta property=\"og:image:height\" content=\"1367\" \/>\n\t<meta property=\"og:image:type\" content=\"image\/jpeg\" \/>\n<meta name=\"twitter:card\" content=\"summary_large_image\" \/>\n<meta name=\"twitter:label1\" content=\"Tiempo de lectura\" \/>\n\t<meta name=\"twitter:data1\" content=\"3 minutos\" \/>\n<script type=\"application\/ld+json\" class=\"yoast-schema-graph\">{\"@context\":\"https:\/\/schema.org\",\"@graph\":[{\"@type\":\"WebPage\",\"@id\":\"https:\/\/yamilapica.com\/index.php\/producto\/programa-belleza-honesta\/\",\"url\":\"https:\/\/yamilapica.com\/index.php\/producto\/programa-belleza-honesta\/\",\"name\":\"Programa Belleza Honesta - Asesora de Imagen- Yamila Pica\",\"isPartOf\":{\"@id\":\"https:\/\/yamilapica.com\/#website\"},\"primaryImageOfPage\":{\"@id\":\"https:\/\/yamilapica.com\/index.php\/producto\/programa-belleza-honesta\/#primaryimage\"},\"image\":{\"@id\":\"https:\/\/yamilapica.com\/index.php\/producto\/programa-belleza-honesta\/#primaryimage\"},\"thumbnailUrl\":\"https:\/\/yamilapica.com\/wp-content\/uploads\/2022\/05\/LMF_7646-scaled.jpg\",\"datePublished\":\"2024-12-29T14:33:56+00:00\",\"dateModified\":\"2026-01-17T21:16:43+00:00\",\"breadcrumb\":{\"@id\":\"https:\/\/yamilapica.com\/index.php\/producto\/programa-belleza-honesta\/#breadcrumb\"},\"inLanguage\":\"es\",\"potentialAction\":[{\"@type\":\"ReadAction\",\"target\":[\"https:\/\/yamilapica.com\/index.php\/producto\/programa-belleza-honesta\/\"]}]},{\"@type\":\"ImageObject\",\"inLanguage\":\"es\",\"@id\":\"https:\/\/yamilapica.com\/index.php\/producto\/programa-belleza-honesta\/#primaryimage\",\"url\":\"https:\/\/yamilapica.com\/wp-content\/uploads\/2022\/05\/LMF_7646-scaled.jpg\",\"contentUrl\":\"https:\/\/yamilapica.com\/wp-content\/uploads\/2022\/05\/LMF_7646-scaled.jpg\",\"width\":2048,\"height\":1367},{\"@type\":\"BreadcrumbList\",\"@id\":\"https:\/\/yamilapica.com\/index.php\/producto\/programa-belleza-honesta\/#breadcrumb\",\"itemListElement\":[{\"@type\":\"ListItem\",\"position\":1,\"name\":\"Portada\",\"item\":\"https:\/\/yamilapica.com\/\"},{\"@type\":\"ListItem\",\"position\":2,\"name\":\"Tienda\",\"item\":\"https:\/\/yamilapica.com\/index.php\/tienda\/\"},{\"@type\":\"ListItem\",\"position\":3,\"name\":\"Programa Belleza Honesta\"}]},{\"@type\":\"WebSite\",\"@id\":\"https:\/\/yamilapica.com\/#website\",\"url\":\"https:\/\/yamilapica.com\/\",\"name\":\"Yamila Pica - Bienvenida a tu Belleza Honesta!\",\"description\":\"ASESORA DE IMAGEN\",\"publisher\":{\"@id\":\"https:\/\/yamilapica.com\/#\/schema\/person\/0b49a5249c773db8925680f7cb8be734\"},\"potentialAction\":[{\"@type\":\"SearchAction\",\"target\":{\"@type\":\"EntryPoint\",\"urlTemplate\":\"https:\/\/yamilapica.com\/?s={search_term_string}\"},\"query-input\":{\"@type\":\"PropertyValueSpecification\",\"valueRequired\":true,\"valueName\":\"search_term_string\"}}],\"inLanguage\":\"es\"},{\"@type\":[\"Person\",\"Organization\"],\"@id\":\"https:\/\/yamilapica.com\/#\/schema\/person\/0b49a5249c773db8925680f7cb8be734\",\"name\":\"Yamila Pica\",\"image\":{\"@type\":\"ImageObject\",\"inLanguage\":\"es\",\"@id\":\"https:\/\/yamilapica.com\/#\/schema\/person\/image\/\",\"url\":\"https:\/\/yamilapica.com\/wp-content\/uploads\/2022\/04\/Webp.net-resizeimage-13.jpg\",\"contentUrl\":\"https:\/\/yamilapica.com\/wp-content\/uploads\/2022\/04\/Webp.net-resizeimage-13.jpg\",\"width\":250,\"height\":78,\"caption\":\"Yamila Pica\"},\"logo\":{\"@id\":\"https:\/\/yamilapica.com\/#\/schema\/person\/image\/\"},\"sameAs\":[\"http:\/\/www.yamilapica.com\"]}]}<\/script>\n<!-- \/ Yoast SEO plugin. -->","yoast_head_json":{"title":"Programa Belleza Honesta - Asesora de Imagen- Yamila Pica","robots":{"index":"index","follow":"follow","max-snippet":"max-snippet:-1","max-image-preview":"max-image-preview:large","max-video-preview":"max-video-preview:-1"},"canonical":"https:\/\/yamilapica.com\/index.php\/producto\/programa-belleza-honesta\/","og_locale":"es_ES","og_type":"article","og_title":"Programa Belleza Honesta - Asesora de Imagen- Yamila Pica","og_description":"\u00bfEst\u00e1s lista para redescubrirte y proyectar tu mejor versi\u00f3n? &nbsp;  El Programa Belleza Honesta es mucho m\u00e1s que un taller.  Es un viaje hacia vos misma, dise\u00f1ado para que aprendas a manejar tu imagen personal con herramientas concretas y una mirada honesta y amorosa.  Este programa est\u00e1 pensado para mujeres que desean conectar con su esencia, potenciar su autoestima y comunicar qui\u00e9nes son realmente a trav\u00e9s de su imagen.","og_url":"https:\/\/yamilapica.com\/index.php\/producto\/programa-belleza-honesta\/","og_site_name":"Asesora de Imagen- Yamila Pica","article_modified_time":"2026-01-17T21:16:43+00:00","og_image":[{"width":2048,"height":1367,"url":"https:\/\/yamilapica.com\/wp-content\/uploads\/2022\/05\/LMF_7646-scaled.jpg","type":"image\/jpeg"}],"twitter_card":"summary_large_image","twitter_misc":{"Tiempo de lectura":"3 minutos"},"schema":{"@context":"https:\/\/schema.org","@graph":[{"@type":"WebPage","@id":"https:\/\/yamilapica.com\/index.php\/producto\/programa-belleza-honesta\/","url":"https:\/\/yamilapica.com\/index.php\/producto\/programa-belleza-honesta\/","name":"Programa Belleza Honesta - Asesora de Imagen- Yamila Pica","isPartOf":{"@id":"https:\/\/yamilapica.com\/#website"},"primaryImageOfPage":{"@id":"https:\/\/yamilapica.com\/index.php\/producto\/programa-belleza-honesta\/#primaryimage"},"image":{"@id":"https:\/\/yamilapica.com\/index.php\/producto\/programa-belleza-honesta\/#primaryimage"},"thumbnailUrl":"https:\/\/yamilapica.com\/wp-content\/uploads\/2022\/05\/LMF_7646-scaled.jpg","datePublished":"2024-12-29T14:33:56+00:00","dateModified":"2026-01-17T21:16:43+00:00","breadcrumb":{"@id":"https:\/\/yamilapica.com\/index.php\/producto\/programa-belleza-honesta\/#breadcrumb"},"inLanguage":"es","potentialAction":[{"@type":"ReadAction","target":["https:\/\/yamilapica.com\/index.php\/producto\/programa-belleza-honesta\/"]}]},{"@type":"ImageObject","inLanguage":"es","@id":"https:\/\/yamilapica.com\/index.php\/producto\/programa-belleza-honesta\/#primaryimage","url":"https:\/\/yamilapica.com\/wp-content\/uploads\/2022\/05\/LMF_7646-scaled.jpg","contentUrl":"https:\/\/yamilapica.com\/wp-content\/uploads\/2022\/05\/LMF_7646-scaled.jpg","width":2048,"height":1367},{"@type":"BreadcrumbList","@id":"https:\/\/yamilapica.com\/index.php\/producto\/programa-belleza-honesta\/#breadcrumb","itemListElement":[{"@type":"ListItem","position":1,"name":"Portada","item":"https:\/\/yamilapica.com\/"},{"@type":"ListItem","position":2,"name":"Tienda","item":"https:\/\/yamilapica.com\/index.php\/tienda\/"},{"@type":"ListItem","position":3,"name":"Programa Belleza Honesta"}]},{"@type":"WebSite","@id":"https:\/\/yamilapica.com\/#website","url":"https:\/\/yamilapica.com\/","name":"Yamila Pica - Bienvenida a tu Belleza Honesta!","description":"ASESORA DE IMAGEN","publisher":{"@id":"https:\/\/yamilapica.com\/#\/schema\/person\/0b49a5249c773db8925680f7cb8be734"},"potentialAction":[{"@type":"SearchAction","target":{"@type":"EntryPoint","urlTemplate":"https:\/\/yamilapica.com\/?s={search_term_string}"},"query-input":{"@type":"PropertyValueSpecification","valueRequired":true,"valueName":"search_term_string"}}],"inLanguage":"es"},{"@type":["Person","Organization"],"@id":"https:\/\/yamilapica.com\/#\/schema\/person\/0b49a5249c773db8925680f7cb8be734","name":"Yamila Pica","image":{"@type":"ImageObject","inLanguage":"es","@id":"https:\/\/yamilapica.com\/#\/schema\/person\/image\/","url":"https:\/\/yamilapica.com\/wp-content\/uploads\/2022\/04\/Webp.net-resizeimage-13.jpg","contentUrl":"https:\/\/yamilapica.com\/wp-content\/uploads\/2022\/04\/Webp.net-resizeimage-13.jpg","width":250,"height":78,"caption":"Yamila Pica"},"logo":{"@id":"https:\/\/yamilapica.com\/#\/schema\/person\/image\/"},"sameAs":["http:\/\/www.yamilapica.com"]}]}},"uagb_featured_image_src":{"full":["https:\/\/yamilapica.com\/wp-content\/uploads\/2022\/05\/LMF_7646-scaled.jpg",2048,1367,false],"thumbnail":["https:\/\/yamilapica.com\/wp-content\/uploads\/2022\/05\/LMF_7646-150x150.jpg",150,150,true],"medium":["https:\/\/yamilapica.com\/wp-content\/uploads\/2022\/05\/LMF_7646-300x200.jpg",300,200,true],"medium_large":["https:\/\/yamilapica.com\/wp-content\/uploads\/2022\/05\/LMF_7646-768x513.jpg",768,513,true],"large":["https:\/\/yamilapica.com\/wp-content\/uploads\/2022\/05\/LMF_7646-1024x683.jpg",1024,683,true],"1536x1536":["https:\/\/yamilapica.com\/wp-content\/uploads\/2022\/05\/LMF_7646-1536x1025.jpg",1536,1025,true],"2048x2048":["https:\/\/yamilapica.com\/wp-content\/uploads\/2022\/05\/LMF_7646-2048x1367.jpg",2048,1367,true],"course_archive_thumbnail":["https:\/\/yamilapica.com\/wp-content\/uploads\/2022\/05\/LMF_7646-150x100.jpg",150,100,true],"course_single_thumbnail":["https:\/\/yamilapica.com\/wp-content\/uploads\/2022\/05\/LMF_7646-150x100.jpg",150,100,true],"lesson_archive_thumbnail":["https:\/\/yamilapica.com\/wp-content\/uploads\/2022\/05\/LMF_7646-225x150.jpg",225,150,true],"lesson_single_thumbnail":["https:\/\/yamilapica.com\/wp-content\/uploads\/2022\/05\/LMF_7646-225x150.jpg",225,150,true],"woocommerce_thumbnail":["https:\/\/yamilapica.com\/wp-content\/uploads\/2022\/05\/LMF_7646-300x300.jpg",300,300,true],"woocommerce_single":["https:\/\/yamilapica.com\/wp-content\/uploads\/2022\/05\/LMF_7646-600x400.jpg",600,400,true],"woocommerce_gallery_thumbnail":["https:\/\/yamilapica.com\/wp-content\/uploads\/2022\/05\/LMF_7646-100x100.jpg",100,100,true]},"uagb_author_info":{"display_name":"Yamila Pica","author_link":"https:\/\/yamilapica.com\/index.php\/author\/"},"uagb_comment_info":0,"uagb_excerpt":"\u00bfEst\u00e1s lista para redescubrirte y proyectar tu mejor versi\u00f3n? &nbsp; El Programa Belleza Honesta es mucho m\u00e1s que un taller. Es un viaje hacia vos misma, dise\u00f1ado para que aprendas a manejar tu imagen personal con herramientas concretas y una mirada honesta y amorosa. Este programa est\u00e1 pensado para mujeres que desean conectar con su&hellip;","_links":{"self":[{"href":"https:\/\/yamilapica.com\/index.php\/wp-json\/wp\/v2\/product\/3835","targetHints":{"allow":["GET"]}}],"collection":[{"href":"https:\/\/yamilapica.com\/index.php\/wp-json\/wp\/v2\/product"}],"about":[{"href":"https:\/\/yamilapica.com\/index.php\/wp-json\/wp\/v2\/types\/product"}],"version-history":[{"count":4,"href":"https:\/\/yamilapica.com\/index.php\/wp-json\/wp\/v2\/product\/3835\/revisions"}],"predecessor-version":[{"id":3839,"href":"https:\/\/yamilapica.com\/index.php\/wp-json\/wp\/v2\/product\/3835\/revisions\/3839"}],"wp:featuredmedia":[{"embeddable":true,"href":"https:\/\/yamilapica.com\/index.php\/wp-json\/wp\/v2\/media\/2351"}],"wp:attachment":[{"href":"https:\/\/yamilapica.com\/index.php\/wp-json\/wp\/v2\/media?parent=3835"}],"wp:term":[{"taxonomy":"product_brand","embeddable":true,"href":"https:\/\/yamilapica.com\/index.php\/wp-json\/wp\/v2\/product_brand?post=3835"},{"taxonomy":"product_cat","embeddable":true,"href":"https:\/\/yamilapica.com\/index.php\/wp-json\/wp\/v2\/product_cat?post=3835"},{"taxonomy":"product_tag","embeddable":true,"href":"https:\/\/yamilapica.com\/index.php\/wp-json\/wp\/v2\/product_tag?post=3835"}],"curies":[{"name":"wp","href":"https:\/\/api.w.org\/{rel}","templated":true}]}}