{"id":3831,"date":"2024-12-29T11:24:59","date_gmt":"2024-12-29T14:24:59","guid":{"rendered":"https:\/\/yamilapica.com\/?post_type=product&#038;p=3831"},"modified":"2026-01-17T18:16:59","modified_gmt":"2026-01-17T21:16:59","slug":"guardarropa-optimizado","status":"publish","type":"product","link":"https:\/\/yamilapica.com\/index.php\/producto\/guardarropa-optimizado\/","title":{"rendered":"Tu Guardarropas, Optimizado"},"content":{"rendered":"<p><strong>Temario del M\u00f3dulo 4: Guardarropas Optimizado<\/strong><\/p>\n<p>&#8211; Guardarropas inteligente<br \/>\n&#8211; Orden del guardarropas para un vestir optimizado<br \/>\n&#8211; Prendas B\u00e1sicas y Fondo de armario<br \/>\n&#8211; Accesorios para coronar tus looks<\/p>\n<p>Este taller es introductorio y est\u00e1 dise\u00f1ado para todas aquellas mujeres que buscan hacer perdurable su transformaci\u00f3n, optimizando su guardarropa en funci\u00f3n a sus actividades, estilo y tipolog\u00eda corporal.<\/p>\n<p>Aprender\u00e1s a reconocer que prendas ya no deben formar parte de tu guardarropas porque no te representan, a integrar las prendas b\u00e1sicas e incorporar nuevas. Tambi\u00e9n te brindaremos recursos para que puedas optimizar el espacio de tu guardarropas y lograr as\u00ed vestirte en menos tiempo todas las ma\u00f1anas, con menos indecisi\u00f3n, y sintiendote c\u00f3moda todo el d\u00eda con tu elecci\u00f3n de outfit.<\/p>\n<p>Con este taller vas a sentir que todos los d\u00edas entr\u00e1s a un universo de posibilidades distintas para vestirte exitosamente.<\/p>\n<p>&nbsp;<\/p>\n<p><strong>INFORMACI\u00d3N IMPORTANTE\u00a0<\/strong><br \/>\nLas fichas, videos y dem\u00e1s material que forma parte del taller est\u00e1n protegidos por los derechos del COPYRIGHT<br \/>\nAcceso al programa durante 30 d\u00edas- No incluye sesiones 1 a 1 ni consultas personalizadas.<\/p>\n","protected":false},"excerpt":{"rendered":"<p><strong>M\u00f3dulo 4 del Programa Belleza Honesta<\/strong><\/p>\n<p>Sostener tu trasformaci\u00f3n requiere de un guardarropas inteligente. Trabajar en nuestro guardarropa es la base de toda transformaci\u00f3n<br \/>\nperdurable.<\/p>\n<p>Si queremos alcanzar el \u00e9xito a largo plazo, entender c\u00f3mo organizamos el nuestro en funci\u00f3n a nuestro estilo personal ser\u00e1 la clave para brillar<\/p>\n<p>Con este taller aprender\u00e1s a tener un guardarropas inteligente que se adapte a vos y tu estilo. Tendr\u00e1s conocimiento de las prendas b\u00e1sicas para versatilizar tu armario, y utilizarlas como c\u00f3modines en tus looks de \u00e9xito en base a tu estilo personal. Aprender\u00e1s a optimizar espacios y a ganar tiempo en el armado de tus equipos.<\/p>\n<p><strong>La clave para que tu transformaci\u00f3n sea exitosa y sostenible en el tiempo est\u00e1 en el dise\u00f1o de tu guardarropas!<\/strong><\/p>\n","protected":false},"featured_media":889,"template":"","meta":{"_uag_custom_page_level_css":"","site-sidebar-layout":"default","site-content-layout":"","ast-site-content-layout":"default","site-content-style":"default","site-sidebar-style":"default","ast-global-header-display":"","ast-banner-title-visibility":"","ast-main-header-display":"","ast-hfb-above-header-display":"","ast-hfb-below-header-display":"","ast-hfb-mobile-header-display":"","site-post-title":"","ast-breadcrumbs-content":"","ast-featured-img":"","footer-sml-layout":"","ast-disable-related-posts":"","theme-transparent-header-meta":"default","adv-header-id-meta":"","stick-header-meta":"","header-above-stick-meta":"","header-main-stick-meta":"","header-below-stick-meta":"","astra-migrate-meta-layouts":"set","ast-page-background-enabled":"default","ast-page-background-meta":{"desktop":{"background-color":"","background-image":"","background-repeat":"repeat","background-position":"center center","background-size":"auto","background-attachment":"scroll","background-type":"","background-media":"","overlay-type":"","overlay-color":"","overlay-opacity":"","overlay-gradient":""},"tablet":{"background-color":"","background-image":"","background-repeat":"repeat","background-position":"center center","background-size":"auto","background-attachment":"scroll","background-type":"","background-media":"","overlay-type":"","overlay-color":"","overlay-opacity":"","overlay-gradient":""},"mobile":{"background-color":"","background-image":"","background-repeat":"repeat","background-position":"center center","background-size":"auto","background-attachment":"scroll","background-type":"","background-media":"","overlay-type":"","overlay-color":"","overlay-opacity":"","overlay-gradient":""}},"ast-content-background-meta":{"desktop":{"background-color":"var(--ast-global-color-5)","background-image":"","background-repeat":"repeat","background-position":"center center","background-size":"auto","background-attachment":"scroll","background-type":"","background-media":"","overlay-type":"","overlay-color":"","overlay-opacity":"","overlay-gradient":""},"tablet":{"background-color":"var(--ast-global-color-5)","background-image":"","background-repeat":"repeat","background-position":"center center","background-size":"auto","background-attachment":"scroll","background-type":"","background-media":"","overlay-type":"","overlay-color":"","overlay-opacity":"","overlay-gradient":""},"mobile":{"background-color":"var(--ast-global-color-5)","background-image":"","background-repeat":"repeat","background-position":"center center","background-size":"auto","background-attachment":"scroll","background-type":"","background-media":"","overlay-type":"","overlay-color":"","overlay-opacity":"","overlay-gradient":""}}},"product_brand":[],"product_cat":[154],"product_tag":[270,241,22],"class_list":{"0":"post-3831","1":"product","2":"type-product","3":"status-publish","4":"has-post-thumbnail","6":"product_cat-talleres-on-demand","7":"product_tag-modulo","8":"product_tag-programa-belleza-honesta","9":"product_tag-taller","10":"post","11":"desktop-align-left","12":"tablet-align-left","13":"mobile-align-left","15":"first","16":"instock","17":"virtual","18":"purchasable","19":"product-type-simple"},"yoast_head":"<!-- This site is optimized with the Yoast SEO plugin v27.4 - https:\/\/yoast.com\/product\/yoast-seo-wordpress\/ -->\n<title>Tu Guardarropas, Optimizado - Asesora de Imagen- Yamila Pica<\/title>\n<meta name=\"robots\" content=\"index, follow, max-snippet:-1, max-image-preview:large, max-video-preview:-1\" \/>\n<link rel=\"canonical\" href=\"https:\/\/yamilapica.com\/index.php\/producto\/guardarropa-optimizado\/\" \/>\n<meta property=\"og:locale\" content=\"es_ES\" \/>\n<meta property=\"og:type\" content=\"article\" \/>\n<meta property=\"og:title\" content=\"Tu Guardarropas, Optimizado - Asesora de Imagen- Yamila Pica\" \/>\n<meta property=\"og:description\" content=\"M\u00f3dulo 4 del Programa Belleza Honesta  Sostener tu trasformaci\u00f3n requiere de un guardarropas inteligente. Trabajar en nuestro guardarropa es la base de toda transformaci\u00f3n perdurable.  Si queremos alcanzar el \u00e9xito a largo plazo, entender c\u00f3mo organizamos el nuestro en funci\u00f3n a nuestro estilo personal ser\u00e1 la clave para brillar  Con este taller aprender\u00e1s a tener un guardarropas inteligente que se adapte a vos y tu estilo. Tendr\u00e1s conocimiento de las prendas b\u00e1sicas para versatilizar tu armario, y utilizarlas como c\u00f3modines en tus looks de \u00e9xito en base a tu estilo personal. Aprender\u00e1s a optimizar espacios y a ganar tiempo en el armado de tus equipos.  La clave para que tu transformaci\u00f3n sea exitosa y sostenible en el tiempo est\u00e1 en el dise\u00f1o de tu guardarropas!\" \/>\n<meta property=\"og:url\" content=\"https:\/\/yamilapica.com\/index.php\/producto\/guardarropa-optimizado\/\" \/>\n<meta property=\"og:site_name\" content=\"Asesora de Imagen- Yamila Pica\" \/>\n<meta property=\"article:modified_time\" content=\"2026-01-17T21:16:59+00:00\" \/>\n<meta property=\"og:image\" content=\"https:\/\/yamilapica.com\/wp-content\/uploads\/2020\/05\/Yamila-Pica-Programa-Autoimagen-e1717269016776.jpg\" \/>\n\t<meta property=\"og:image:width\" content=\"1280\" \/>\n\t<meta property=\"og:image:height\" content=\"832\" \/>\n\t<meta property=\"og:image:type\" content=\"image\/jpeg\" \/>\n<meta name=\"twitter:card\" content=\"summary_large_image\" \/>\n<meta name=\"twitter:label1\" content=\"Tiempo de lectura\" \/>\n\t<meta name=\"twitter:data1\" content=\"1 minuto\" \/>\n<script type=\"application\/ld+json\" class=\"yoast-schema-graph\">{\"@context\":\"https:\\\/\\\/schema.org\",\"@graph\":[{\"@type\":\"WebPage\",\"@id\":\"https:\\\/\\\/yamilapica.com\\\/index.php\\\/producto\\\/guardarropa-optimizado\\\/\",\"url\":\"https:\\\/\\\/yamilapica.com\\\/index.php\\\/producto\\\/guardarropa-optimizado\\\/\",\"name\":\"Tu Guardarropas, Optimizado - Asesora de Imagen- Yamila Pica\",\"isPartOf\":{\"@id\":\"https:\\\/\\\/yamilapica.com\\\/#website\"},\"primaryImageOfPage\":{\"@id\":\"https:\\\/\\\/yamilapica.com\\\/index.php\\\/producto\\\/guardarropa-optimizado\\\/#primaryimage\"},\"image\":{\"@id\":\"https:\\\/\\\/yamilapica.com\\\/index.php\\\/producto\\\/guardarropa-optimizado\\\/#primaryimage\"},\"thumbnailUrl\":\"https:\\\/\\\/yamilapica.com\\\/wp-content\\\/uploads\\\/2020\\\/05\\\/Yamila-Pica-Programa-Autoimagen-e1717269016776.jpg\",\"datePublished\":\"2024-12-29T14:24:59+00:00\",\"dateModified\":\"2026-01-17T21:16:59+00:00\",\"breadcrumb\":{\"@id\":\"https:\\\/\\\/yamilapica.com\\\/index.php\\\/producto\\\/guardarropa-optimizado\\\/#breadcrumb\"},\"inLanguage\":\"es\",\"potentialAction\":[{\"@type\":\"ReadAction\",\"target\":[\"https:\\\/\\\/yamilapica.com\\\/index.php\\\/producto\\\/guardarropa-optimizado\\\/\"]}]},{\"@type\":\"ImageObject\",\"inLanguage\":\"es\",\"@id\":\"https:\\\/\\\/yamilapica.com\\\/index.php\\\/producto\\\/guardarropa-optimizado\\\/#primaryimage\",\"url\":\"https:\\\/\\\/yamilapica.com\\\/wp-content\\\/uploads\\\/2020\\\/05\\\/Yamila-Pica-Programa-Autoimagen-e1717269016776.jpg\",\"contentUrl\":\"https:\\\/\\\/yamilapica.com\\\/wp-content\\\/uploads\\\/2020\\\/05\\\/Yamila-Pica-Programa-Autoimagen-e1717269016776.jpg\",\"width\":1280,\"height\":832,\"caption\":\"YAMILA PICA ASESORA DE IMAGEN ORDEN DE GUARDARROPA\"},{\"@type\":\"BreadcrumbList\",\"@id\":\"https:\\\/\\\/yamilapica.com\\\/index.php\\\/producto\\\/guardarropa-optimizado\\\/#breadcrumb\",\"itemListElement\":[{\"@type\":\"ListItem\",\"position\":1,\"name\":\"Portada\",\"item\":\"https:\\\/\\\/yamilapica.com\\\/\"},{\"@type\":\"ListItem\",\"position\":2,\"name\":\"Tienda\",\"item\":\"https:\\\/\\\/yamilapica.com\\\/index.php\\\/tienda\\\/\"},{\"@type\":\"ListItem\",\"position\":3,\"name\":\"Tu Guardarropas, Optimizado\"}]},{\"@type\":\"WebSite\",\"@id\":\"https:\\\/\\\/yamilapica.com\\\/#website\",\"url\":\"https:\\\/\\\/yamilapica.com\\\/\",\"name\":\"Yamila Pica - Bienvenida a tu Belleza Honesta!\",\"description\":\"ASESORA DE IMAGEN\",\"publisher\":{\"@id\":\"https:\\\/\\\/yamilapica.com\\\/#\\\/schema\\\/person\\\/0b49a5249c773db8925680f7cb8be734\"},\"potentialAction\":[{\"@type\":\"SearchAction\",\"target\":{\"@type\":\"EntryPoint\",\"urlTemplate\":\"https:\\\/\\\/yamilapica.com\\\/?s={search_term_string}\"},\"query-input\":{\"@type\":\"PropertyValueSpecification\",\"valueRequired\":true,\"valueName\":\"search_term_string\"}}],\"inLanguage\":\"es\"},{\"@type\":[\"Person\",\"Organization\"],\"@id\":\"https:\\\/\\\/yamilapica.com\\\/#\\\/schema\\\/person\\\/0b49a5249c773db8925680f7cb8be734\",\"name\":\"Yamila Pica\",\"image\":{\"@type\":\"ImageObject\",\"inLanguage\":\"es\",\"@id\":\"https:\\\/\\\/yamilapica.com\\\/wp-content\\\/uploads\\\/2022\\\/04\\\/Webp.net-resizeimage-13.jpg\",\"url\":\"https:\\\/\\\/yamilapica.com\\\/wp-content\\\/uploads\\\/2022\\\/04\\\/Webp.net-resizeimage-13.jpg\",\"contentUrl\":\"https:\\\/\\\/yamilapica.com\\\/wp-content\\\/uploads\\\/2022\\\/04\\\/Webp.net-resizeimage-13.jpg\",\"width\":250,\"height\":78,\"caption\":\"Yamila Pica\"},\"logo\":{\"@id\":\"https:\\\/\\\/yamilapica.com\\\/wp-content\\\/uploads\\\/2022\\\/04\\\/Webp.net-resizeimage-13.jpg\"},\"sameAs\":[\"http:\\\/\\\/www.yamilapica.com\"]}]}<\/script>\n<!-- \/ Yoast SEO plugin. -->","yoast_head_json":{"title":"Tu Guardarropas, Optimizado - Asesora de Imagen- Yamila Pica","robots":{"index":"index","follow":"follow","max-snippet":"max-snippet:-1","max-image-preview":"max-image-preview:large","max-video-preview":"max-video-preview:-1"},"canonical":"https:\/\/yamilapica.com\/index.php\/producto\/guardarropa-optimizado\/","og_locale":"es_ES","og_type":"article","og_title":"Tu Guardarropas, Optimizado - Asesora de Imagen- Yamila Pica","og_description":"M\u00f3dulo 4 del Programa Belleza Honesta  Sostener tu trasformaci\u00f3n requiere de un guardarropas inteligente. Trabajar en nuestro guardarropa es la base de toda transformaci\u00f3n perdurable.  Si queremos alcanzar el \u00e9xito a largo plazo, entender c\u00f3mo organizamos el nuestro en funci\u00f3n a nuestro estilo personal ser\u00e1 la clave para brillar  Con este taller aprender\u00e1s a tener un guardarropas inteligente que se adapte a vos y tu estilo. Tendr\u00e1s conocimiento de las prendas b\u00e1sicas para versatilizar tu armario, y utilizarlas como c\u00f3modines en tus looks de \u00e9xito en base a tu estilo personal. Aprender\u00e1s a optimizar espacios y a ganar tiempo en el armado de tus equipos.  La clave para que tu transformaci\u00f3n sea exitosa y sostenible en el tiempo est\u00e1 en el dise\u00f1o de tu guardarropas!","og_url":"https:\/\/yamilapica.com\/index.php\/producto\/guardarropa-optimizado\/","og_site_name":"Asesora de Imagen- Yamila Pica","article_modified_time":"2026-01-17T21:16:59+00:00","og_image":[{"width":1280,"height":832,"url":"https:\/\/yamilapica.com\/wp-content\/uploads\/2020\/05\/Yamila-Pica-Programa-Autoimagen-e1717269016776.jpg","type":"image\/jpeg"}],"twitter_card":"summary_large_image","twitter_misc":{"Tiempo de lectura":"1 minuto"},"schema":{"@context":"https:\/\/schema.org","@graph":[{"@type":"WebPage","@id":"https:\/\/yamilapica.com\/index.php\/producto\/guardarropa-optimizado\/","url":"https:\/\/yamilapica.com\/index.php\/producto\/guardarropa-optimizado\/","name":"Tu Guardarropas, Optimizado - Asesora de Imagen- Yamila Pica","isPartOf":{"@id":"https:\/\/yamilapica.com\/#website"},"primaryImageOfPage":{"@id":"https:\/\/yamilapica.com\/index.php\/producto\/guardarropa-optimizado\/#primaryimage"},"image":{"@id":"https:\/\/yamilapica.com\/index.php\/producto\/guardarropa-optimizado\/#primaryimage"},"thumbnailUrl":"https:\/\/yamilapica.com\/wp-content\/uploads\/2020\/05\/Yamila-Pica-Programa-Autoimagen-e1717269016776.jpg","datePublished":"2024-12-29T14:24:59+00:00","dateModified":"2026-01-17T21:16:59+00:00","breadcrumb":{"@id":"https:\/\/yamilapica.com\/index.php\/producto\/guardarropa-optimizado\/#breadcrumb"},"inLanguage":"es","potentialAction":[{"@type":"ReadAction","target":["https:\/\/yamilapica.com\/index.php\/producto\/guardarropa-optimizado\/"]}]},{"@type":"ImageObject","inLanguage":"es","@id":"https:\/\/yamilapica.com\/index.php\/producto\/guardarropa-optimizado\/#primaryimage","url":"https:\/\/yamilapica.com\/wp-content\/uploads\/2020\/05\/Yamila-Pica-Programa-Autoimagen-e1717269016776.jpg","contentUrl":"https:\/\/yamilapica.com\/wp-content\/uploads\/2020\/05\/Yamila-Pica-Programa-Autoimagen-e1717269016776.jpg","width":1280,"height":832,"caption":"YAMILA PICA ASESORA DE IMAGEN ORDEN DE GUARDARROPA"},{"@type":"BreadcrumbList","@id":"https:\/\/yamilapica.com\/index.php\/producto\/guardarropa-optimizado\/#breadcrumb","itemListElement":[{"@type":"ListItem","position":1,"name":"Portada","item":"https:\/\/yamilapica.com\/"},{"@type":"ListItem","position":2,"name":"Tienda","item":"https:\/\/yamilapica.com\/index.php\/tienda\/"},{"@type":"ListItem","position":3,"name":"Tu Guardarropas, Optimizado"}]},{"@type":"WebSite","@id":"https:\/\/yamilapica.com\/#website","url":"https:\/\/yamilapica.com\/","name":"Yamila Pica - Bienvenida a tu Belleza Honesta!","description":"ASESORA DE IMAGEN","publisher":{"@id":"https:\/\/yamilapica.com\/#\/schema\/person\/0b49a5249c773db8925680f7cb8be734"},"potentialAction":[{"@type":"SearchAction","target":{"@type":"EntryPoint","urlTemplate":"https:\/\/yamilapica.com\/?s={search_term_string}"},"query-input":{"@type":"PropertyValueSpecification","valueRequired":true,"valueName":"search_term_string"}}],"inLanguage":"es"},{"@type":["Person","Organization"],"@id":"https:\/\/yamilapica.com\/#\/schema\/person\/0b49a5249c773db8925680f7cb8be734","name":"Yamila Pica","image":{"@type":"ImageObject","inLanguage":"es","@id":"https:\/\/yamilapica.com\/wp-content\/uploads\/2022\/04\/Webp.net-resizeimage-13.jpg","url":"https:\/\/yamilapica.com\/wp-content\/uploads\/2022\/04\/Webp.net-resizeimage-13.jpg","contentUrl":"https:\/\/yamilapica.com\/wp-content\/uploads\/2022\/04\/Webp.net-resizeimage-13.jpg","width":250,"height":78,"caption":"Yamila Pica"},"logo":{"@id":"https:\/\/yamilapica.com\/wp-content\/uploads\/2022\/04\/Webp.net-resizeimage-13.jpg"},"sameAs":["http:\/\/www.yamilapica.com"]}]}},"uagb_featured_image_src":{"full":["https:\/\/yamilapica.com\/wp-content\/uploads\/2020\/05\/Yamila-Pica-Programa-Autoimagen-e1717269016776.jpg",1280,832,false],"thumbnail":["https:\/\/yamilapica.com\/wp-content\/uploads\/2020\/05\/Yamila-Pica-Programa-Autoimagen-e1717269016776-150x150.jpg",150,150,true],"medium":["https:\/\/yamilapica.com\/wp-content\/uploads\/2020\/05\/Yamila-Pica-Programa-Autoimagen-e1717269016776-300x195.jpg",300,195,true],"medium_large":["https:\/\/yamilapica.com\/wp-content\/uploads\/2020\/05\/Yamila-Pica-Programa-Autoimagen-e1717269016776-768x499.jpg",768,499,true],"large":["https:\/\/yamilapica.com\/wp-content\/uploads\/2020\/05\/Yamila-Pica-Programa-Autoimagen-e1717269016776-1024x666.jpg",1024,666,true],"1536x1536":["https:\/\/yamilapica.com\/wp-content\/uploads\/2020\/05\/Yamila-Pica-Programa-Autoimagen-e1717269016776.jpg",1280,832,false],"2048x2048":["https:\/\/yamilapica.com\/wp-content\/uploads\/2020\/05\/Yamila-Pica-Programa-Autoimagen-e1717269016776.jpg",1280,832,false],"course_archive_thumbnail":["https:\/\/yamilapica.com\/wp-content\/uploads\/2020\/05\/Yamila-Pica-Programa-Autoimagen-e1717269016776-154x100.jpg",154,100,true],"course_single_thumbnail":["https:\/\/yamilapica.com\/wp-content\/uploads\/2020\/05\/Yamila-Pica-Programa-Autoimagen-e1717269016776-154x100.jpg",154,100,true],"lesson_archive_thumbnail":["https:\/\/yamilapica.com\/wp-content\/uploads\/2020\/05\/Yamila-Pica-Programa-Autoimagen-e1717269016776-231x150.jpg",231,150,true],"lesson_single_thumbnail":["https:\/\/yamilapica.com\/wp-content\/uploads\/2020\/05\/Yamila-Pica-Programa-Autoimagen-e1717269016776-231x150.jpg",231,150,true],"woocommerce_thumbnail":["https:\/\/yamilapica.com\/wp-content\/uploads\/2020\/05\/Yamila-Pica-Programa-Autoimagen-e1717269016776-300x300.jpg",300,300,true],"woocommerce_single":["https:\/\/yamilapica.com\/wp-content\/uploads\/2020\/05\/Yamila-Pica-Programa-Autoimagen-e1717269016776-600x390.jpg",600,390,true],"woocommerce_gallery_thumbnail":["https:\/\/yamilapica.com\/wp-content\/uploads\/2020\/05\/Yamila-Pica-Programa-Autoimagen-e1717269016776-100x100.jpg",100,100,true]},"uagb_author_info":{"display_name":"Yamila Pica","author_link":"https:\/\/yamilapica.com\/index.php\/author\/"},"uagb_comment_info":0,"uagb_excerpt":"M\u00f3dulo 4 del Programa Belleza Honesta Sostener tu trasformaci\u00f3n requiere de un guardarropas inteligente. Trabajar en nuestro guardarropa es la base de toda transformaci\u00f3n perdurable. Si queremos alcanzar el \u00e9xito a largo plazo, entender c\u00f3mo organizamos el nuestro en funci\u00f3n a nuestro estilo personal ser\u00e1 la clave para brillar Con este taller aprender\u00e1s a tener&hellip;","_links":{"self":[{"href":"https:\/\/yamilapica.com\/index.php\/wp-json\/wp\/v2\/product\/3831","targetHints":{"allow":["GET"]}}],"collection":[{"href":"https:\/\/yamilapica.com\/index.php\/wp-json\/wp\/v2\/product"}],"about":[{"href":"https:\/\/yamilapica.com\/index.php\/wp-json\/wp\/v2\/types\/product"}],"version-history":[{"count":3,"href":"https:\/\/yamilapica.com\/index.php\/wp-json\/wp\/v2\/product\/3831\/revisions"}],"predecessor-version":[{"id":3834,"href":"https:\/\/yamilapica.com\/index.php\/wp-json\/wp\/v2\/product\/3831\/revisions\/3834"}],"wp:featuredmedia":[{"embeddable":true,"href":"https:\/\/yamilapica.com\/index.php\/wp-json\/wp\/v2\/media\/889"}],"wp:attachment":[{"href":"https:\/\/yamilapica.com\/index.php\/wp-json\/wp\/v2\/media?parent=3831"}],"wp:term":[{"taxonomy":"product_brand","embeddable":true,"href":"https:\/\/yamilapica.com\/index.php\/wp-json\/wp\/v2\/product_brand?post=3831"},{"taxonomy":"product_cat","embeddable":true,"href":"https:\/\/yamilapica.com\/index.php\/wp-json\/wp\/v2\/product_cat?post=3831"},{"taxonomy":"product_tag","embeddable":true,"href":"https:\/\/yamilapica.com\/index.php\/wp-json\/wp\/v2\/product_tag?post=3831"}],"curies":[{"name":"wp","href":"https:\/\/api.w.org\/{rel}","templated":true}]}}