{"id":3824,"date":"2024-12-29T11:04:04","date_gmt":"2024-12-29T14:04:04","guid":{"rendered":"https:\/\/yamilapica.com\/?post_type=product&#038;p=3824"},"modified":"2026-01-17T18:17:20","modified_gmt":"2026-01-17T21:17:20","slug":"colorimetria-uso-del-color","status":"publish","type":"product","link":"https:\/\/yamilapica.com\/index.php\/producto\/colorimetria-uso-del-color\/","title":{"rendered":"Colorimetr\u00eda y ABC del Uso del Color"},"content":{"rendered":"<p><strong>Colorimetr\u00eda y ABC del Uso del Color<\/strong><\/p>\n<p>&#8211; Diagn\u00f3stico personalizado de colorimetr\u00eda- <strong>OFFLINE<\/strong><br \/>\n&#8211; Carta personal de colores- <strong>Material te\u00f3rico Descargable<\/strong><br \/>\n&#8211; Implicancia de la colorimetr\u00eda en la imagen personal<br \/>\n&#8211; ABC del uso del color- Combinaci\u00f3n de colores en nuestro outfit<br \/>\n&#8211; ABC del uso del color- Uso del color para generar un impacto positivo en nuestra comunicaci\u00f3n ( Simbolog\u00eda del color)<\/p>\n<p>Este taller es introductorio y est\u00e1dise\u00f1ado para todas aquellas personas que buscan aprender a utilizar el color para su propio beneficio en su imagen personal.<\/p>\n<p>Para realizar el test de colorimetr\u00eda OFFLINE se te requerir\u00e1 cierta informaci\u00f3n por email, para hacerte un diagn\u00f3stico personalizado. Esto te permitir\u00e1 conocer cual es tu carta de colores personalizada en base a tu temperatura de piel, para realizar las elecciones correctas de tus prendas y accesorios.<\/p>\n<p>Aprender\u00e1s a reconocer el impacto visual del color a trav\u00e9s de la implicancia psicol\u00f3gica del mismo.<\/p>\n<p>Aprender\u00e1s tambi\u00e9n a crear combinaciones exitosas para generar tus propios looks de impacto.<\/p>\n<p>El uso del color en nuestra imagen personal es una herramienta fundamental en nuestra vibraci\u00f3n energ\u00e9tica y comunicacional.<\/p>\n<p>&nbsp;<\/p>\n<p><strong>INFORMACI\u00d3N IMPORTANTE\u00a0<\/strong><br \/>\nLas fichas, videos y dem\u00e1s material que forma parte del taller est\u00e1n protegidos por los derechos del COPYRIGHT<br \/>\nAcceso al programa durante 30 d\u00edas- No incluye sesiones 1 a 1 ni consultas personalizadas.<\/p>\n<p>Este modulo forma parte del Programa Belleza Honesta. Consult\u00e1 este producto si quieres hacer el programa completo<\/p>\n","protected":false},"excerpt":{"rendered":"<p><strong>M\u00f3dulo 3 del Programa Belleza Honesta<\/strong><\/p>\n<p>Aqui descubrir\u00e1s el poder y los secretos del color, para usarlo sin miedo y con versatilidad en tus looks. En este taller no solo descubrir\u00e1s tu colorimetr\u00eda sino que aprender\u00e1s a combinar y<br \/>\nutilizar la magia del color a tu favor.<\/p>\n<p>Con este taller aprender\u00e1s lo necesario para manejar el color no solo desde tu colorimetr\u00eda personal, sino tambi\u00e9n en forma comunicacional, entender\u00e1s que implicancia tiene el uso del color en la comunicaci\u00f3n no verbal, y por ende en tu propia imagen personal y proyecci\u00f3n.<\/p>\n<p>Por supuesto aprender\u00e1s a combinar y armar armon\u00edas exitosas que destaquen tu manera de vestir.<\/p>\n","protected":false},"featured_media":3475,"template":"","meta":{"_uag_custom_page_level_css":"","site-sidebar-layout":"default","site-content-layout":"","ast-site-content-layout":"default","site-content-style":"default","site-sidebar-style":"default","ast-global-header-display":"","ast-banner-title-visibility":"","ast-main-header-display":"","ast-hfb-above-header-display":"","ast-hfb-below-header-display":"","ast-hfb-mobile-header-display":"","site-post-title":"","ast-breadcrumbs-content":"","ast-featured-img":"","footer-sml-layout":"","ast-disable-related-posts":"","theme-transparent-header-meta":"default","adv-header-id-meta":"","stick-header-meta":"","header-above-stick-meta":"","header-main-stick-meta":"","header-below-stick-meta":"","astra-migrate-meta-layouts":"set","ast-page-background-enabled":"default","ast-page-background-meta":{"desktop":{"background-color":"","background-image":"","background-repeat":"repeat","background-position":"center center","background-size":"auto","background-attachment":"scroll","background-type":"","background-media":"","overlay-type":"","overlay-color":"","overlay-opacity":"","overlay-gradient":""},"tablet":{"background-color":"","background-image":"","background-repeat":"repeat","background-position":"center center","background-size":"auto","background-attachment":"scroll","background-type":"","background-media":"","overlay-type":"","overlay-color":"","overlay-opacity":"","overlay-gradient":""},"mobile":{"background-color":"","background-image":"","background-repeat":"repeat","background-position":"center center","background-size":"auto","background-attachment":"scroll","background-type":"","background-media":"","overlay-type":"","overlay-color":"","overlay-opacity":"","overlay-gradient":""}},"ast-content-background-meta":{"desktop":{"background-color":"var(--ast-global-color-5)","background-image":"","background-repeat":"repeat","background-position":"center center","background-size":"auto","background-attachment":"scroll","background-type":"","background-media":"","overlay-type":"","overlay-color":"","overlay-opacity":"","overlay-gradient":""},"tablet":{"background-color":"var(--ast-global-color-5)","background-image":"","background-repeat":"repeat","background-position":"center center","background-size":"auto","background-attachment":"scroll","background-type":"","background-media":"","overlay-type":"","overlay-color":"","overlay-opacity":"","overlay-gradient":""},"mobile":{"background-color":"var(--ast-global-color-5)","background-image":"","background-repeat":"repeat","background-position":"center center","background-size":"auto","background-attachment":"scroll","background-type":"","background-media":"","overlay-type":"","overlay-color":"","overlay-opacity":"","overlay-gradient":""}}},"product_brand":[],"product_cat":[154],"product_tag":[270,241,22],"class_list":{"0":"post-3824","1":"product","2":"type-product","3":"status-publish","4":"has-post-thumbnail","6":"product_cat-talleres-on-demand","7":"product_tag-modulo","8":"product_tag-programa-belleza-honesta","9":"product_tag-taller","10":"post","11":"desktop-align-left","12":"tablet-align-left","13":"mobile-align-left","15":"first","16":"instock","17":"virtual","18":"purchasable","19":"product-type-simple"},"yoast_head":"<!-- This site is optimized with the Yoast SEO plugin v27.4 - https:\/\/yoast.com\/product\/yoast-seo-wordpress\/ -->\n<title>Colorimetr\u00eda y ABC del Uso del Color - Asesora de Imagen- Yamila Pica<\/title>\n<meta name=\"robots\" content=\"index, follow, max-snippet:-1, max-image-preview:large, max-video-preview:-1\" \/>\n<link rel=\"canonical\" href=\"https:\/\/yamilapica.com\/index.php\/producto\/colorimetria-uso-del-color\/\" \/>\n<meta property=\"og:locale\" content=\"es_ES\" \/>\n<meta property=\"og:type\" content=\"article\" \/>\n<meta property=\"og:title\" content=\"Colorimetr\u00eda y ABC del Uso del Color - Asesora de Imagen- Yamila Pica\" \/>\n<meta property=\"og:description\" content=\"M\u00f3dulo 3 del Programa Belleza Honesta  Aqui descubrir\u00e1s el poder y los secretos del color, para usarlo sin miedo y con versatilidad en tus looks. En este taller no solo descubrir\u00e1s tu colorimetr\u00eda sino que aprender\u00e1s a combinar y utilizar la magia del color a tu favor.  Con este taller aprender\u00e1s lo necesario para manejar el color no solo desde tu colorimetr\u00eda personal, sino tambi\u00e9n en forma comunicacional, entender\u00e1s que implicancia tiene el uso del color en la comunicaci\u00f3n no verbal, y por ende en tu propia imagen personal y proyecci\u00f3n.  Por supuesto aprender\u00e1s a combinar y armar armon\u00edas exitosas que destaquen tu manera de vestir.\" \/>\n<meta property=\"og:url\" content=\"https:\/\/yamilapica.com\/index.php\/producto\/colorimetria-uso-del-color\/\" \/>\n<meta property=\"og:site_name\" content=\"Asesora de Imagen- Yamila Pica\" \/>\n<meta property=\"article:modified_time\" content=\"2026-01-17T21:17:20+00:00\" \/>\n<meta property=\"og:image\" content=\"https:\/\/yamilapica.com\/wp-content\/uploads\/2024\/06\/Yamila_pica_asesora_de_imagen-1.jpg\" \/>\n\t<meta property=\"og:image:width\" content=\"1200\" \/>\n\t<meta property=\"og:image:height\" content=\"800\" \/>\n\t<meta property=\"og:image:type\" content=\"image\/jpeg\" \/>\n<meta name=\"twitter:card\" content=\"summary_large_image\" \/>\n<meta name=\"twitter:label1\" content=\"Tiempo de lectura\" \/>\n\t<meta name=\"twitter:data1\" content=\"2 minutos\" \/>\n<script type=\"application\/ld+json\" class=\"yoast-schema-graph\">{\"@context\":\"https:\\\/\\\/schema.org\",\"@graph\":[{\"@type\":\"WebPage\",\"@id\":\"https:\\\/\\\/yamilapica.com\\\/index.php\\\/producto\\\/colorimetria-uso-del-color\\\/\",\"url\":\"https:\\\/\\\/yamilapica.com\\\/index.php\\\/producto\\\/colorimetria-uso-del-color\\\/\",\"name\":\"Colorimetr\u00eda y ABC del Uso del Color - Asesora de Imagen- Yamila Pica\",\"isPartOf\":{\"@id\":\"https:\\\/\\\/yamilapica.com\\\/#website\"},\"primaryImageOfPage\":{\"@id\":\"https:\\\/\\\/yamilapica.com\\\/index.php\\\/producto\\\/colorimetria-uso-del-color\\\/#primaryimage\"},\"image\":{\"@id\":\"https:\\\/\\\/yamilapica.com\\\/index.php\\\/producto\\\/colorimetria-uso-del-color\\\/#primaryimage\"},\"thumbnailUrl\":\"https:\\\/\\\/yamilapica.com\\\/wp-content\\\/uploads\\\/2024\\\/06\\\/Yamila_pica_asesora_de_imagen-1.jpg\",\"datePublished\":\"2024-12-29T14:04:04+00:00\",\"dateModified\":\"2026-01-17T21:17:20+00:00\",\"breadcrumb\":{\"@id\":\"https:\\\/\\\/yamilapica.com\\\/index.php\\\/producto\\\/colorimetria-uso-del-color\\\/#breadcrumb\"},\"inLanguage\":\"es\",\"potentialAction\":[{\"@type\":\"ReadAction\",\"target\":[\"https:\\\/\\\/yamilapica.com\\\/index.php\\\/producto\\\/colorimetria-uso-del-color\\\/\"]}]},{\"@type\":\"ImageObject\",\"inLanguage\":\"es\",\"@id\":\"https:\\\/\\\/yamilapica.com\\\/index.php\\\/producto\\\/colorimetria-uso-del-color\\\/#primaryimage\",\"url\":\"https:\\\/\\\/yamilapica.com\\\/wp-content\\\/uploads\\\/2024\\\/06\\\/Yamila_pica_asesora_de_imagen-1.jpg\",\"contentUrl\":\"https:\\\/\\\/yamilapica.com\\\/wp-content\\\/uploads\\\/2024\\\/06\\\/Yamila_pica_asesora_de_imagen-1.jpg\",\"width\":1200,\"height\":800},{\"@type\":\"BreadcrumbList\",\"@id\":\"https:\\\/\\\/yamilapica.com\\\/index.php\\\/producto\\\/colorimetria-uso-del-color\\\/#breadcrumb\",\"itemListElement\":[{\"@type\":\"ListItem\",\"position\":1,\"name\":\"Portada\",\"item\":\"https:\\\/\\\/yamilapica.com\\\/\"},{\"@type\":\"ListItem\",\"position\":2,\"name\":\"Tienda\",\"item\":\"https:\\\/\\\/yamilapica.com\\\/index.php\\\/tienda\\\/\"},{\"@type\":\"ListItem\",\"position\":3,\"name\":\"Colorimetr\u00eda y ABC del Uso del Color\"}]},{\"@type\":\"WebSite\",\"@id\":\"https:\\\/\\\/yamilapica.com\\\/#website\",\"url\":\"https:\\\/\\\/yamilapica.com\\\/\",\"name\":\"Yamila Pica - Bienvenida a tu Belleza Honesta!\",\"description\":\"ASESORA DE IMAGEN\",\"publisher\":{\"@id\":\"https:\\\/\\\/yamilapica.com\\\/#\\\/schema\\\/person\\\/0b49a5249c773db8925680f7cb8be734\"},\"potentialAction\":[{\"@type\":\"SearchAction\",\"target\":{\"@type\":\"EntryPoint\",\"urlTemplate\":\"https:\\\/\\\/yamilapica.com\\\/?s={search_term_string}\"},\"query-input\":{\"@type\":\"PropertyValueSpecification\",\"valueRequired\":true,\"valueName\":\"search_term_string\"}}],\"inLanguage\":\"es\"},{\"@type\":[\"Person\",\"Organization\"],\"@id\":\"https:\\\/\\\/yamilapica.com\\\/#\\\/schema\\\/person\\\/0b49a5249c773db8925680f7cb8be734\",\"name\":\"Yamila Pica\",\"image\":{\"@type\":\"ImageObject\",\"inLanguage\":\"es\",\"@id\":\"https:\\\/\\\/yamilapica.com\\\/wp-content\\\/uploads\\\/2022\\\/04\\\/Webp.net-resizeimage-13.jpg\",\"url\":\"https:\\\/\\\/yamilapica.com\\\/wp-content\\\/uploads\\\/2022\\\/04\\\/Webp.net-resizeimage-13.jpg\",\"contentUrl\":\"https:\\\/\\\/yamilapica.com\\\/wp-content\\\/uploads\\\/2022\\\/04\\\/Webp.net-resizeimage-13.jpg\",\"width\":250,\"height\":78,\"caption\":\"Yamila Pica\"},\"logo\":{\"@id\":\"https:\\\/\\\/yamilapica.com\\\/wp-content\\\/uploads\\\/2022\\\/04\\\/Webp.net-resizeimage-13.jpg\"},\"sameAs\":[\"http:\\\/\\\/www.yamilapica.com\"]}]}<\/script>\n<!-- \/ Yoast SEO plugin. -->","yoast_head_json":{"title":"Colorimetr\u00eda y ABC del Uso del Color - Asesora de Imagen- Yamila Pica","robots":{"index":"index","follow":"follow","max-snippet":"max-snippet:-1","max-image-preview":"max-image-preview:large","max-video-preview":"max-video-preview:-1"},"canonical":"https:\/\/yamilapica.com\/index.php\/producto\/colorimetria-uso-del-color\/","og_locale":"es_ES","og_type":"article","og_title":"Colorimetr\u00eda y ABC del Uso del Color - Asesora de Imagen- Yamila Pica","og_description":"M\u00f3dulo 3 del Programa Belleza Honesta  Aqui descubrir\u00e1s el poder y los secretos del color, para usarlo sin miedo y con versatilidad en tus looks. En este taller no solo descubrir\u00e1s tu colorimetr\u00eda sino que aprender\u00e1s a combinar y utilizar la magia del color a tu favor.  Con este taller aprender\u00e1s lo necesario para manejar el color no solo desde tu colorimetr\u00eda personal, sino tambi\u00e9n en forma comunicacional, entender\u00e1s que implicancia tiene el uso del color en la comunicaci\u00f3n no verbal, y por ende en tu propia imagen personal y proyecci\u00f3n.  Por supuesto aprender\u00e1s a combinar y armar armon\u00edas exitosas que destaquen tu manera de vestir.","og_url":"https:\/\/yamilapica.com\/index.php\/producto\/colorimetria-uso-del-color\/","og_site_name":"Asesora de Imagen- Yamila Pica","article_modified_time":"2026-01-17T21:17:20+00:00","og_image":[{"width":1200,"height":800,"url":"https:\/\/yamilapica.com\/wp-content\/uploads\/2024\/06\/Yamila_pica_asesora_de_imagen-1.jpg","type":"image\/jpeg"}],"twitter_card":"summary_large_image","twitter_misc":{"Tiempo de lectura":"2 minutos"},"schema":{"@context":"https:\/\/schema.org","@graph":[{"@type":"WebPage","@id":"https:\/\/yamilapica.com\/index.php\/producto\/colorimetria-uso-del-color\/","url":"https:\/\/yamilapica.com\/index.php\/producto\/colorimetria-uso-del-color\/","name":"Colorimetr\u00eda y ABC del Uso del Color - Asesora de Imagen- Yamila Pica","isPartOf":{"@id":"https:\/\/yamilapica.com\/#website"},"primaryImageOfPage":{"@id":"https:\/\/yamilapica.com\/index.php\/producto\/colorimetria-uso-del-color\/#primaryimage"},"image":{"@id":"https:\/\/yamilapica.com\/index.php\/producto\/colorimetria-uso-del-color\/#primaryimage"},"thumbnailUrl":"https:\/\/yamilapica.com\/wp-content\/uploads\/2024\/06\/Yamila_pica_asesora_de_imagen-1.jpg","datePublished":"2024-12-29T14:04:04+00:00","dateModified":"2026-01-17T21:17:20+00:00","breadcrumb":{"@id":"https:\/\/yamilapica.com\/index.php\/producto\/colorimetria-uso-del-color\/#breadcrumb"},"inLanguage":"es","potentialAction":[{"@type":"ReadAction","target":["https:\/\/yamilapica.com\/index.php\/producto\/colorimetria-uso-del-color\/"]}]},{"@type":"ImageObject","inLanguage":"es","@id":"https:\/\/yamilapica.com\/index.php\/producto\/colorimetria-uso-del-color\/#primaryimage","url":"https:\/\/yamilapica.com\/wp-content\/uploads\/2024\/06\/Yamila_pica_asesora_de_imagen-1.jpg","contentUrl":"https:\/\/yamilapica.com\/wp-content\/uploads\/2024\/06\/Yamila_pica_asesora_de_imagen-1.jpg","width":1200,"height":800},{"@type":"BreadcrumbList","@id":"https:\/\/yamilapica.com\/index.php\/producto\/colorimetria-uso-del-color\/#breadcrumb","itemListElement":[{"@type":"ListItem","position":1,"name":"Portada","item":"https:\/\/yamilapica.com\/"},{"@type":"ListItem","position":2,"name":"Tienda","item":"https:\/\/yamilapica.com\/index.php\/tienda\/"},{"@type":"ListItem","position":3,"name":"Colorimetr\u00eda y ABC del Uso del Color"}]},{"@type":"WebSite","@id":"https:\/\/yamilapica.com\/#website","url":"https:\/\/yamilapica.com\/","name":"Yamila Pica - Bienvenida a tu Belleza Honesta!","description":"ASESORA DE IMAGEN","publisher":{"@id":"https:\/\/yamilapica.com\/#\/schema\/person\/0b49a5249c773db8925680f7cb8be734"},"potentialAction":[{"@type":"SearchAction","target":{"@type":"EntryPoint","urlTemplate":"https:\/\/yamilapica.com\/?s={search_term_string}"},"query-input":{"@type":"PropertyValueSpecification","valueRequired":true,"valueName":"search_term_string"}}],"inLanguage":"es"},{"@type":["Person","Organization"],"@id":"https:\/\/yamilapica.com\/#\/schema\/person\/0b49a5249c773db8925680f7cb8be734","name":"Yamila Pica","image":{"@type":"ImageObject","inLanguage":"es","@id":"https:\/\/yamilapica.com\/wp-content\/uploads\/2022\/04\/Webp.net-resizeimage-13.jpg","url":"https:\/\/yamilapica.com\/wp-content\/uploads\/2022\/04\/Webp.net-resizeimage-13.jpg","contentUrl":"https:\/\/yamilapica.com\/wp-content\/uploads\/2022\/04\/Webp.net-resizeimage-13.jpg","width":250,"height":78,"caption":"Yamila Pica"},"logo":{"@id":"https:\/\/yamilapica.com\/wp-content\/uploads\/2022\/04\/Webp.net-resizeimage-13.jpg"},"sameAs":["http:\/\/www.yamilapica.com"]}]}},"uagb_featured_image_src":{"full":["https:\/\/yamilapica.com\/wp-content\/uploads\/2024\/06\/Yamila_pica_asesora_de_imagen-1.jpg",1200,800,false],"thumbnail":["https:\/\/yamilapica.com\/wp-content\/uploads\/2024\/06\/Yamila_pica_asesora_de_imagen-1-150x150.jpg",150,150,true],"medium":["https:\/\/yamilapica.com\/wp-content\/uploads\/2024\/06\/Yamila_pica_asesora_de_imagen-1-300x200.jpg",300,200,true],"medium_large":["https:\/\/yamilapica.com\/wp-content\/uploads\/2024\/06\/Yamila_pica_asesora_de_imagen-1-768x512.jpg",768,512,true],"large":["https:\/\/yamilapica.com\/wp-content\/uploads\/2024\/06\/Yamila_pica_asesora_de_imagen-1-1024x683.jpg",1024,683,true],"1536x1536":["https:\/\/yamilapica.com\/wp-content\/uploads\/2024\/06\/Yamila_pica_asesora_de_imagen-1.jpg",1200,800,false],"2048x2048":["https:\/\/yamilapica.com\/wp-content\/uploads\/2024\/06\/Yamila_pica_asesora_de_imagen-1.jpg",1200,800,false],"course_archive_thumbnail":["https:\/\/yamilapica.com\/wp-content\/uploads\/2024\/06\/Yamila_pica_asesora_de_imagen-1-150x100.jpg",150,100,true],"course_single_thumbnail":["https:\/\/yamilapica.com\/wp-content\/uploads\/2024\/06\/Yamila_pica_asesora_de_imagen-1-150x100.jpg",150,100,true],"lesson_archive_thumbnail":["https:\/\/yamilapica.com\/wp-content\/uploads\/2024\/06\/Yamila_pica_asesora_de_imagen-1-225x150.jpg",225,150,true],"lesson_single_thumbnail":["https:\/\/yamilapica.com\/wp-content\/uploads\/2024\/06\/Yamila_pica_asesora_de_imagen-1-225x150.jpg",225,150,true],"woocommerce_thumbnail":["https:\/\/yamilapica.com\/wp-content\/uploads\/2024\/06\/Yamila_pica_asesora_de_imagen-1-300x300.jpg",300,300,true],"woocommerce_single":["https:\/\/yamilapica.com\/wp-content\/uploads\/2024\/06\/Yamila_pica_asesora_de_imagen-1-600x400.jpg",600,400,true],"woocommerce_gallery_thumbnail":["https:\/\/yamilapica.com\/wp-content\/uploads\/2024\/06\/Yamila_pica_asesora_de_imagen-1-100x100.jpg",100,100,true]},"uagb_author_info":{"display_name":"Yamila Pica","author_link":"https:\/\/yamilapica.com\/index.php\/author\/"},"uagb_comment_info":0,"uagb_excerpt":"M\u00f3dulo 3 del Programa Belleza Honesta Aqui descubrir\u00e1s el poder y los secretos del color, para usarlo sin miedo y con versatilidad en tus looks. En este taller no solo descubrir\u00e1s tu colorimetr\u00eda sino que aprender\u00e1s a combinar y utilizar la magia del color a tu favor. Con este taller aprender\u00e1s lo necesario para manejar&hellip;","_links":{"self":[{"href":"https:\/\/yamilapica.com\/index.php\/wp-json\/wp\/v2\/product\/3824","targetHints":{"allow":["GET"]}}],"collection":[{"href":"https:\/\/yamilapica.com\/index.php\/wp-json\/wp\/v2\/product"}],"about":[{"href":"https:\/\/yamilapica.com\/index.php\/wp-json\/wp\/v2\/types\/product"}],"version-history":[{"count":3,"href":"https:\/\/yamilapica.com\/index.php\/wp-json\/wp\/v2\/product\/3824\/revisions"}],"predecessor-version":[{"id":4272,"href":"https:\/\/yamilapica.com\/index.php\/wp-json\/wp\/v2\/product\/3824\/revisions\/4272"}],"wp:featuredmedia":[{"embeddable":true,"href":"https:\/\/yamilapica.com\/index.php\/wp-json\/wp\/v2\/media\/3475"}],"wp:attachment":[{"href":"https:\/\/yamilapica.com\/index.php\/wp-json\/wp\/v2\/media?parent=3824"}],"wp:term":[{"taxonomy":"product_brand","embeddable":true,"href":"https:\/\/yamilapica.com\/index.php\/wp-json\/wp\/v2\/product_brand?post=3824"},{"taxonomy":"product_cat","embeddable":true,"href":"https:\/\/yamilapica.com\/index.php\/wp-json\/wp\/v2\/product_cat?post=3824"},{"taxonomy":"product_tag","embeddable":true,"href":"https:\/\/yamilapica.com\/index.php\/wp-json\/wp\/v2\/product_tag?post=3824"}],"curies":[{"name":"wp","href":"https:\/\/api.w.org\/{rel}","templated":true}]}}