{"id":3816,"date":"2024-12-29T10:48:00","date_gmt":"2024-12-29T13:48:00","guid":{"rendered":"https:\/\/yamilapica.com\/?post_type=product&#038;p=3816"},"modified":"2026-01-17T18:18:38","modified_gmt":"2026-01-17T21:18:38","slug":"estilo-e-imagen-personal","status":"publish","type":"product","link":"https:\/\/yamilapica.com\/index.php\/producto\/estilo-e-imagen-personal\/","title":{"rendered":"Estilo e Imagen Personal"},"content":{"rendered":"<p><strong>Temario del M\u00f3dulo 1: Estilo e Imagen Personal<\/strong><\/p>\n<p>Identidad Visual \u2013 Estilo e imagen personal<br \/>\n&#8211; Imagen personal<br \/>\n&#8211; Comunicaci\u00f3n e impacto visual<br \/>\n&#8211; Estilos personales<br \/>\n&#8211; Test de estilos para descubrir tu identidad visual<\/p>\n<p>Este taller es introductorio y est\u00e1 dise\u00f1ado para todas aquellas personas que buscan generar impacto a trav\u00e9s de su imagen personal.<\/p>\n<p>El test de estilo OFFLINE te permitir\u00e1 conocer cual es tu estilo, para empezar a pensar desde adentro hacia afuera en como armar tus estilismos, teniendo en cuenta quien sos y que quer\u00e9s comunicarle al mundo. El conocimiento es el \u00e9xito en nuestra comunicaci\u00f3n.<\/p>\n<p>Aprender\u00e1s a reconocer el impacto visual de nuestra imagen personal y su poder en la comunicaci\u00f3n no verbal de nosotros hacia el exterior.<\/p>\n<p>&nbsp;<\/p>\n<p><strong>INFORMACI\u00d3N IMPORTANTE\u00a0<\/strong><br \/>\nLas fichas, videos y dem\u00e1s material que forma parte del taller est\u00e1n protegidos por los derechos del COPYRIGHT<br \/>\nAcceso al programa durante 30 d\u00edas- No incluye sesiones 1 a 1 ni consultas personalizadas.<\/p>\n","protected":false},"excerpt":{"rendered":"<p>M\u00f3dulo 1:<\/p>\n<p>En este m\u00f3dulo vas a conocer herramientas que hacen a la buena imagen personal, y que te ayudar\u00e1n a explorar tu seguridad a trav\u00e9s del conocimiento de tu propio estilo. Son la clave para proyectarte al mundo y contarle quien sos de una manera exitosa y trascendente.<\/p>\n<p>Con este taller aprender\u00e1s todo lo necesario para manejar la comunicaci\u00f3n no verbal desde el buen uso de tu imagen personal, hasta el conomimiento de tu propio estilo, para dejar tu sello y marca personal en cada lugar en el que tengas que presentarte.<\/p>\n<p>Una imagen vale m\u00e1s que mil palabras! Aprender\u00e1s a hablar con tu imagen.<\/p>\n","protected":false},"featured_media":2264,"template":"","meta":{"_uag_custom_page_level_css":"","site-sidebar-layout":"default","site-content-layout":"","ast-site-content-layout":"default","site-content-style":"default","site-sidebar-style":"default","ast-global-header-display":"","ast-banner-title-visibility":"","ast-main-header-display":"","ast-hfb-above-header-display":"","ast-hfb-below-header-display":"","ast-hfb-mobile-header-display":"","site-post-title":"","ast-breadcrumbs-content":"","ast-featured-img":"","footer-sml-layout":"","ast-disable-related-posts":"","theme-transparent-header-meta":"default","adv-header-id-meta":"","stick-header-meta":"","header-above-stick-meta":"","header-main-stick-meta":"","header-below-stick-meta":"","astra-migrate-meta-layouts":"set","ast-page-background-enabled":"default","ast-page-background-meta":{"desktop":{"background-color":"","background-image":"","background-repeat":"repeat","background-position":"center center","background-size":"auto","background-attachment":"scroll","background-type":"","background-media":"","overlay-type":"","overlay-color":"","overlay-opacity":"","overlay-gradient":""},"tablet":{"background-color":"","background-image":"","background-repeat":"repeat","background-position":"center center","background-size":"auto","background-attachment":"scroll","background-type":"","background-media":"","overlay-type":"","overlay-color":"","overlay-opacity":"","overlay-gradient":""},"mobile":{"background-color":"","background-image":"","background-repeat":"repeat","background-position":"center center","background-size":"auto","background-attachment":"scroll","background-type":"","background-media":"","overlay-type":"","overlay-color":"","overlay-opacity":"","overlay-gradient":""}},"ast-content-background-meta":{"desktop":{"background-color":"var(--ast-global-color-5)","background-image":"","background-repeat":"repeat","background-position":"center center","background-size":"auto","background-attachment":"scroll","background-type":"","background-media":"","overlay-type":"","overlay-color":"","overlay-opacity":"","overlay-gradient":""},"tablet":{"background-color":"var(--ast-global-color-5)","background-image":"","background-repeat":"repeat","background-position":"center center","background-size":"auto","background-attachment":"scroll","background-type":"","background-media":"","overlay-type":"","overlay-color":"","overlay-opacity":"","overlay-gradient":""},"mobile":{"background-color":"var(--ast-global-color-5)","background-image":"","background-repeat":"repeat","background-position":"center center","background-size":"auto","background-attachment":"scroll","background-type":"","background-media":"","overlay-type":"","overlay-color":"","overlay-opacity":"","overlay-gradient":""}}},"product_brand":[],"product_cat":[154],"product_tag":[269,270,268,241,22],"class_list":{"0":"post-3816","1":"product","2":"type-product","3":"status-publish","4":"has-post-thumbnail","6":"product_cat-talleres-on-demand","7":"product_tag-estilo-personal","8":"product_tag-modulo","9":"product_tag-modulos","10":"product_tag-programa-belleza-honesta","11":"product_tag-taller","12":"post","13":"desktop-align-left","14":"tablet-align-left","15":"mobile-align-left","17":"first","18":"instock","19":"virtual","20":"purchasable","21":"product-type-simple"},"yoast_head":"<!-- This site is optimized with the Yoast SEO plugin v27.4 - https:\/\/yoast.com\/product\/yoast-seo-wordpress\/ -->\n<title>Estilo e Imagen Personal - Asesora de Imagen- Yamila Pica<\/title>\n<meta name=\"robots\" content=\"index, follow, max-snippet:-1, max-image-preview:large, max-video-preview:-1\" \/>\n<link rel=\"canonical\" href=\"https:\/\/yamilapica.com\/index.php\/producto\/estilo-e-imagen-personal\/\" \/>\n<meta property=\"og:locale\" content=\"es_ES\" \/>\n<meta property=\"og:type\" content=\"article\" \/>\n<meta property=\"og:title\" content=\"Estilo e Imagen Personal - Asesora de Imagen- Yamila Pica\" \/>\n<meta property=\"og:description\" content=\"M\u00f3dulo 1:  En este m\u00f3dulo vas a conocer herramientas que hacen a la buena imagen personal, y que te ayudar\u00e1n a explorar tu seguridad a trav\u00e9s del conocimiento de tu propio estilo. Son la clave para proyectarte al mundo y contarle quien sos de una manera exitosa y trascendente.  Con este taller aprender\u00e1s todo lo necesario para manejar la comunicaci\u00f3n no verbal desde el buen uso de tu imagen personal, hasta el conomimiento de tu propio estilo, para dejar tu sello y marca personal en cada lugar en el que tengas que presentarte.  Una imagen vale m\u00e1s que mil palabras! Aprender\u00e1s a hablar con tu imagen.\" \/>\n<meta property=\"og:url\" content=\"https:\/\/yamilapica.com\/index.php\/producto\/estilo-e-imagen-personal\/\" \/>\n<meta property=\"og:site_name\" content=\"Asesora de Imagen- Yamila Pica\" \/>\n<meta property=\"article:modified_time\" content=\"2026-01-17T21:18:38+00:00\" \/>\n<meta property=\"og:image\" content=\"https:\/\/yamilapica.com\/wp-content\/uploads\/2022\/05\/Yamila-Pica-Como-ser-Tu-Propia-Asesora-de-Imagen.jpg\" \/>\n\t<meta property=\"og:image:width\" content=\"1324\" \/>\n\t<meta property=\"og:image:height\" content=\"886\" \/>\n\t<meta property=\"og:image:type\" content=\"image\/jpeg\" \/>\n<meta name=\"twitter:card\" content=\"summary_large_image\" \/>\n<meta name=\"twitter:label1\" content=\"Tiempo de lectura\" \/>\n\t<meta name=\"twitter:data1\" content=\"1 minuto\" \/>\n<script type=\"application\/ld+json\" class=\"yoast-schema-graph\">{\"@context\":\"https:\\\/\\\/schema.org\",\"@graph\":[{\"@type\":\"WebPage\",\"@id\":\"https:\\\/\\\/yamilapica.com\\\/index.php\\\/producto\\\/estilo-e-imagen-personal\\\/\",\"url\":\"https:\\\/\\\/yamilapica.com\\\/index.php\\\/producto\\\/estilo-e-imagen-personal\\\/\",\"name\":\"Estilo e Imagen Personal - Asesora de Imagen- Yamila Pica\",\"isPartOf\":{\"@id\":\"https:\\\/\\\/yamilapica.com\\\/#website\"},\"primaryImageOfPage\":{\"@id\":\"https:\\\/\\\/yamilapica.com\\\/index.php\\\/producto\\\/estilo-e-imagen-personal\\\/#primaryimage\"},\"image\":{\"@id\":\"https:\\\/\\\/yamilapica.com\\\/index.php\\\/producto\\\/estilo-e-imagen-personal\\\/#primaryimage\"},\"thumbnailUrl\":\"https:\\\/\\\/yamilapica.com\\\/wp-content\\\/uploads\\\/2022\\\/05\\\/Yamila-Pica-Como-ser-Tu-Propia-Asesora-de-Imagen.jpg\",\"datePublished\":\"2024-12-29T13:48:00+00:00\",\"dateModified\":\"2026-01-17T21:18:38+00:00\",\"breadcrumb\":{\"@id\":\"https:\\\/\\\/yamilapica.com\\\/index.php\\\/producto\\\/estilo-e-imagen-personal\\\/#breadcrumb\"},\"inLanguage\":\"es\",\"potentialAction\":[{\"@type\":\"ReadAction\",\"target\":[\"https:\\\/\\\/yamilapica.com\\\/index.php\\\/producto\\\/estilo-e-imagen-personal\\\/\"]}]},{\"@type\":\"ImageObject\",\"inLanguage\":\"es\",\"@id\":\"https:\\\/\\\/yamilapica.com\\\/index.php\\\/producto\\\/estilo-e-imagen-personal\\\/#primaryimage\",\"url\":\"https:\\\/\\\/yamilapica.com\\\/wp-content\\\/uploads\\\/2022\\\/05\\\/Yamila-Pica-Como-ser-Tu-Propia-Asesora-de-Imagen.jpg\",\"contentUrl\":\"https:\\\/\\\/yamilapica.com\\\/wp-content\\\/uploads\\\/2022\\\/05\\\/Yamila-Pica-Como-ser-Tu-Propia-Asesora-de-Imagen.jpg\",\"width\":1324,\"height\":886,\"caption\":\"Yamila Pica nos ense\u00f1a como ser tu propia asesora de imagen personal\"},{\"@type\":\"BreadcrumbList\",\"@id\":\"https:\\\/\\\/yamilapica.com\\\/index.php\\\/producto\\\/estilo-e-imagen-personal\\\/#breadcrumb\",\"itemListElement\":[{\"@type\":\"ListItem\",\"position\":1,\"name\":\"Portada\",\"item\":\"https:\\\/\\\/yamilapica.com\\\/\"},{\"@type\":\"ListItem\",\"position\":2,\"name\":\"Tienda\",\"item\":\"https:\\\/\\\/yamilapica.com\\\/index.php\\\/tienda\\\/\"},{\"@type\":\"ListItem\",\"position\":3,\"name\":\"Estilo e Imagen Personal\"}]},{\"@type\":\"WebSite\",\"@id\":\"https:\\\/\\\/yamilapica.com\\\/#website\",\"url\":\"https:\\\/\\\/yamilapica.com\\\/\",\"name\":\"Yamila Pica - Bienvenida a tu Belleza Honesta!\",\"description\":\"ASESORA DE IMAGEN\",\"publisher\":{\"@id\":\"https:\\\/\\\/yamilapica.com\\\/#\\\/schema\\\/person\\\/0b49a5249c773db8925680f7cb8be734\"},\"potentialAction\":[{\"@type\":\"SearchAction\",\"target\":{\"@type\":\"EntryPoint\",\"urlTemplate\":\"https:\\\/\\\/yamilapica.com\\\/?s={search_term_string}\"},\"query-input\":{\"@type\":\"PropertyValueSpecification\",\"valueRequired\":true,\"valueName\":\"search_term_string\"}}],\"inLanguage\":\"es\"},{\"@type\":[\"Person\",\"Organization\"],\"@id\":\"https:\\\/\\\/yamilapica.com\\\/#\\\/schema\\\/person\\\/0b49a5249c773db8925680f7cb8be734\",\"name\":\"Yamila Pica\",\"image\":{\"@type\":\"ImageObject\",\"inLanguage\":\"es\",\"@id\":\"https:\\\/\\\/yamilapica.com\\\/wp-content\\\/uploads\\\/2022\\\/04\\\/Webp.net-resizeimage-13.jpg\",\"url\":\"https:\\\/\\\/yamilapica.com\\\/wp-content\\\/uploads\\\/2022\\\/04\\\/Webp.net-resizeimage-13.jpg\",\"contentUrl\":\"https:\\\/\\\/yamilapica.com\\\/wp-content\\\/uploads\\\/2022\\\/04\\\/Webp.net-resizeimage-13.jpg\",\"width\":250,\"height\":78,\"caption\":\"Yamila Pica\"},\"logo\":{\"@id\":\"https:\\\/\\\/yamilapica.com\\\/wp-content\\\/uploads\\\/2022\\\/04\\\/Webp.net-resizeimage-13.jpg\"},\"sameAs\":[\"http:\\\/\\\/www.yamilapica.com\"]}]}<\/script>\n<!-- \/ Yoast SEO plugin. -->","yoast_head_json":{"title":"Estilo e Imagen Personal - Asesora de Imagen- Yamila Pica","robots":{"index":"index","follow":"follow","max-snippet":"max-snippet:-1","max-image-preview":"max-image-preview:large","max-video-preview":"max-video-preview:-1"},"canonical":"https:\/\/yamilapica.com\/index.php\/producto\/estilo-e-imagen-personal\/","og_locale":"es_ES","og_type":"article","og_title":"Estilo e Imagen Personal - Asesora de Imagen- Yamila Pica","og_description":"M\u00f3dulo 1:  En este m\u00f3dulo vas a conocer herramientas que hacen a la buena imagen personal, y que te ayudar\u00e1n a explorar tu seguridad a trav\u00e9s del conocimiento de tu propio estilo. Son la clave para proyectarte al mundo y contarle quien sos de una manera exitosa y trascendente.  Con este taller aprender\u00e1s todo lo necesario para manejar la comunicaci\u00f3n no verbal desde el buen uso de tu imagen personal, hasta el conomimiento de tu propio estilo, para dejar tu sello y marca personal en cada lugar en el que tengas que presentarte.  Una imagen vale m\u00e1s que mil palabras! Aprender\u00e1s a hablar con tu imagen.","og_url":"https:\/\/yamilapica.com\/index.php\/producto\/estilo-e-imagen-personal\/","og_site_name":"Asesora de Imagen- Yamila Pica","article_modified_time":"2026-01-17T21:18:38+00:00","og_image":[{"width":1324,"height":886,"url":"https:\/\/yamilapica.com\/wp-content\/uploads\/2022\/05\/Yamila-Pica-Como-ser-Tu-Propia-Asesora-de-Imagen.jpg","type":"image\/jpeg"}],"twitter_card":"summary_large_image","twitter_misc":{"Tiempo de lectura":"1 minuto"},"schema":{"@context":"https:\/\/schema.org","@graph":[{"@type":"WebPage","@id":"https:\/\/yamilapica.com\/index.php\/producto\/estilo-e-imagen-personal\/","url":"https:\/\/yamilapica.com\/index.php\/producto\/estilo-e-imagen-personal\/","name":"Estilo e Imagen Personal - Asesora de Imagen- Yamila Pica","isPartOf":{"@id":"https:\/\/yamilapica.com\/#website"},"primaryImageOfPage":{"@id":"https:\/\/yamilapica.com\/index.php\/producto\/estilo-e-imagen-personal\/#primaryimage"},"image":{"@id":"https:\/\/yamilapica.com\/index.php\/producto\/estilo-e-imagen-personal\/#primaryimage"},"thumbnailUrl":"https:\/\/yamilapica.com\/wp-content\/uploads\/2022\/05\/Yamila-Pica-Como-ser-Tu-Propia-Asesora-de-Imagen.jpg","datePublished":"2024-12-29T13:48:00+00:00","dateModified":"2026-01-17T21:18:38+00:00","breadcrumb":{"@id":"https:\/\/yamilapica.com\/index.php\/producto\/estilo-e-imagen-personal\/#breadcrumb"},"inLanguage":"es","potentialAction":[{"@type":"ReadAction","target":["https:\/\/yamilapica.com\/index.php\/producto\/estilo-e-imagen-personal\/"]}]},{"@type":"ImageObject","inLanguage":"es","@id":"https:\/\/yamilapica.com\/index.php\/producto\/estilo-e-imagen-personal\/#primaryimage","url":"https:\/\/yamilapica.com\/wp-content\/uploads\/2022\/05\/Yamila-Pica-Como-ser-Tu-Propia-Asesora-de-Imagen.jpg","contentUrl":"https:\/\/yamilapica.com\/wp-content\/uploads\/2022\/05\/Yamila-Pica-Como-ser-Tu-Propia-Asesora-de-Imagen.jpg","width":1324,"height":886,"caption":"Yamila Pica nos ense\u00f1a como ser tu propia asesora de imagen personal"},{"@type":"BreadcrumbList","@id":"https:\/\/yamilapica.com\/index.php\/producto\/estilo-e-imagen-personal\/#breadcrumb","itemListElement":[{"@type":"ListItem","position":1,"name":"Portada","item":"https:\/\/yamilapica.com\/"},{"@type":"ListItem","position":2,"name":"Tienda","item":"https:\/\/yamilapica.com\/index.php\/tienda\/"},{"@type":"ListItem","position":3,"name":"Estilo e Imagen Personal"}]},{"@type":"WebSite","@id":"https:\/\/yamilapica.com\/#website","url":"https:\/\/yamilapica.com\/","name":"Yamila Pica - Bienvenida a tu Belleza Honesta!","description":"ASESORA DE IMAGEN","publisher":{"@id":"https:\/\/yamilapica.com\/#\/schema\/person\/0b49a5249c773db8925680f7cb8be734"},"potentialAction":[{"@type":"SearchAction","target":{"@type":"EntryPoint","urlTemplate":"https:\/\/yamilapica.com\/?s={search_term_string}"},"query-input":{"@type":"PropertyValueSpecification","valueRequired":true,"valueName":"search_term_string"}}],"inLanguage":"es"},{"@type":["Person","Organization"],"@id":"https:\/\/yamilapica.com\/#\/schema\/person\/0b49a5249c773db8925680f7cb8be734","name":"Yamila Pica","image":{"@type":"ImageObject","inLanguage":"es","@id":"https:\/\/yamilapica.com\/wp-content\/uploads\/2022\/04\/Webp.net-resizeimage-13.jpg","url":"https:\/\/yamilapica.com\/wp-content\/uploads\/2022\/04\/Webp.net-resizeimage-13.jpg","contentUrl":"https:\/\/yamilapica.com\/wp-content\/uploads\/2022\/04\/Webp.net-resizeimage-13.jpg","width":250,"height":78,"caption":"Yamila Pica"},"logo":{"@id":"https:\/\/yamilapica.com\/wp-content\/uploads\/2022\/04\/Webp.net-resizeimage-13.jpg"},"sameAs":["http:\/\/www.yamilapica.com"]}]}},"uagb_featured_image_src":{"full":["https:\/\/yamilapica.com\/wp-content\/uploads\/2022\/05\/Yamila-Pica-Como-ser-Tu-Propia-Asesora-de-Imagen.jpg",1324,886,false],"thumbnail":["https:\/\/yamilapica.com\/wp-content\/uploads\/2022\/05\/Yamila-Pica-Como-ser-Tu-Propia-Asesora-de-Imagen-150x150.jpg",150,150,true],"medium":["https:\/\/yamilapica.com\/wp-content\/uploads\/2022\/05\/Yamila-Pica-Como-ser-Tu-Propia-Asesora-de-Imagen-300x201.jpg",300,201,true],"medium_large":["https:\/\/yamilapica.com\/wp-content\/uploads\/2022\/05\/Yamila-Pica-Como-ser-Tu-Propia-Asesora-de-Imagen-768x514.jpg",768,514,true],"large":["https:\/\/yamilapica.com\/wp-content\/uploads\/2022\/05\/Yamila-Pica-Como-ser-Tu-Propia-Asesora-de-Imagen-1024x685.jpg",1024,685,true],"1536x1536":["https:\/\/yamilapica.com\/wp-content\/uploads\/2022\/05\/Yamila-Pica-Como-ser-Tu-Propia-Asesora-de-Imagen.jpg",1324,886,false],"2048x2048":["https:\/\/yamilapica.com\/wp-content\/uploads\/2022\/05\/Yamila-Pica-Como-ser-Tu-Propia-Asesora-de-Imagen.jpg",1324,886,false],"course_archive_thumbnail":["https:\/\/yamilapica.com\/wp-content\/uploads\/2022\/05\/Yamila-Pica-Como-ser-Tu-Propia-Asesora-de-Imagen-149x100.jpg",149,100,true],"course_single_thumbnail":["https:\/\/yamilapica.com\/wp-content\/uploads\/2022\/05\/Yamila-Pica-Como-ser-Tu-Propia-Asesora-de-Imagen-149x100.jpg",149,100,true],"lesson_archive_thumbnail":["https:\/\/yamilapica.com\/wp-content\/uploads\/2022\/05\/Yamila-Pica-Como-ser-Tu-Propia-Asesora-de-Imagen-224x150.jpg",224,150,true],"lesson_single_thumbnail":["https:\/\/yamilapica.com\/wp-content\/uploads\/2022\/05\/Yamila-Pica-Como-ser-Tu-Propia-Asesora-de-Imagen-224x150.jpg",224,150,true],"woocommerce_thumbnail":["https:\/\/yamilapica.com\/wp-content\/uploads\/2022\/05\/Yamila-Pica-Como-ser-Tu-Propia-Asesora-de-Imagen-300x300.jpg",300,300,true],"woocommerce_single":["https:\/\/yamilapica.com\/wp-content\/uploads\/2022\/05\/Yamila-Pica-Como-ser-Tu-Propia-Asesora-de-Imagen-600x402.jpg",600,402,true],"woocommerce_gallery_thumbnail":["https:\/\/yamilapica.com\/wp-content\/uploads\/2022\/05\/Yamila-Pica-Como-ser-Tu-Propia-Asesora-de-Imagen-100x100.jpg",100,100,true]},"uagb_author_info":{"display_name":"Yamila Pica","author_link":"https:\/\/yamilapica.com\/index.php\/author\/"},"uagb_comment_info":0,"uagb_excerpt":"M\u00f3dulo 1: En este m\u00f3dulo vas a conocer herramientas que hacen a la buena imagen personal, y que te ayudar\u00e1n a explorar tu seguridad a trav\u00e9s del conocimiento de tu propio estilo. Son la clave para proyectarte al mundo y contarle quien sos de una manera exitosa y trascendente. Con este taller aprender\u00e1s todo lo&hellip;","_links":{"self":[{"href":"https:\/\/yamilapica.com\/index.php\/wp-json\/wp\/v2\/product\/3816","targetHints":{"allow":["GET"]}}],"collection":[{"href":"https:\/\/yamilapica.com\/index.php\/wp-json\/wp\/v2\/product"}],"about":[{"href":"https:\/\/yamilapica.com\/index.php\/wp-json\/wp\/v2\/types\/product"}],"version-history":[{"count":4,"href":"https:\/\/yamilapica.com\/index.php\/wp-json\/wp\/v2\/product\/3816\/revisions"}],"predecessor-version":[{"id":4381,"href":"https:\/\/yamilapica.com\/index.php\/wp-json\/wp\/v2\/product\/3816\/revisions\/4381"}],"wp:featuredmedia":[{"embeddable":true,"href":"https:\/\/yamilapica.com\/index.php\/wp-json\/wp\/v2\/media\/2264"}],"wp:attachment":[{"href":"https:\/\/yamilapica.com\/index.php\/wp-json\/wp\/v2\/media?parent=3816"}],"wp:term":[{"taxonomy":"product_brand","embeddable":true,"href":"https:\/\/yamilapica.com\/index.php\/wp-json\/wp\/v2\/product_brand?post=3816"},{"taxonomy":"product_cat","embeddable":true,"href":"https:\/\/yamilapica.com\/index.php\/wp-json\/wp\/v2\/product_cat?post=3816"},{"taxonomy":"product_tag","embeddable":true,"href":"https:\/\/yamilapica.com\/index.php\/wp-json\/wp\/v2\/product_tag?post=3816"}],"curies":[{"name":"wp","href":"https:\/\/api.w.org\/{rel}","templated":true}]}}