{"id":2515,"date":"2022-05-31T12:25:17","date_gmt":"2022-05-31T15:25:17","guid":{"rendered":"https:\/\/yamilapica.com\/?post_type=product&#038;p=2515"},"modified":"2022-08-05T19:53:49","modified_gmt":"2022-08-05T22:53:49","slug":"asesoramiento-de-imagen-personalizado-presencial-con-yamila-pica","status":"publish","type":"product","link":"https:\/\/yamilapica.com\/index.php\/producto\/asesoramiento-de-imagen-personalizado-presencial-con-yamila-pica\/","title":{"rendered":"Asesoramiento de imagen personalizado Presencial con Yamila Pica"},"content":{"rendered":"<p>Si sent\u00eds que nada te queda bien, que nunca ten\u00e9s que ponerte. Que tu corte de cabello no te termina de gustar, o siempre tenes dudas respecto de que color de cabello elegir.\u00a0 Si una vez que llevas el cambio adelante\u00a0 te arrepent\u00eds porque sent\u00eds que no fue la mejor opci\u00f3n.<\/p>\n<p>Si tu armario est\u00e1 lleno de prendas que no sab\u00e9s ni porque te gustaron y\u00a0 cada vez que te las vas a poner no te sentis representada. Lo mejor que podes hacer por vos es tomar un asesoramiento personalizado.<\/p>\n<p><img fetchpriority=\"high\" decoding=\"async\" class=\"alignnone size-medium wp-image-2354 aligncenter\" src=\"https:\/\/yamilapica.com\/wp-content\/uploads\/2022\/05\/LMF_4325-2-300x200.jpg\" alt=\"Test de colorimetria con Yamila Pica\" width=\"300\" height=\"200\" srcset=\"https:\/\/yamilapica.com\/wp-content\/uploads\/2022\/05\/LMF_4325-2-300x200.jpg 300w, https:\/\/yamilapica.com\/wp-content\/uploads\/2022\/05\/LMF_4325-2-1024x683.jpg 1024w, https:\/\/yamilapica.com\/wp-content\/uploads\/2022\/05\/LMF_4325-2-768x513.jpg 768w, https:\/\/yamilapica.com\/wp-content\/uploads\/2022\/05\/LMF_4325-2-150x100.jpg 150w, https:\/\/yamilapica.com\/wp-content\/uploads\/2022\/05\/LMF_4325-2-225x150.jpg 225w, https:\/\/yamilapica.com\/wp-content\/uploads\/2022\/05\/LMF_4325-2-1536x1025.jpg 1536w, https:\/\/yamilapica.com\/wp-content\/uploads\/2022\/05\/LMF_4325-2-scaled.jpg 2048w, https:\/\/yamilapica.com\/wp-content\/uploads\/2022\/05\/LMF_4325-2-600x400.jpg 600w\" sizes=\"(max-width: 300px) 100vw, 300px\" \/><\/p>\n<p>En el\u00a0 asesoramiento personalizado presencial vamos a charlar sobre todas las cuestiones que te vienen incomodando de tu aspecto f\u00edsico, tus creencias respecto de determinados puntos para entender cuales son los aspectos correctos sobre los cuales tenemos que enfocarnos y trabajar. La imagen no se trabaja desde el exterior, sino que la vamos a trabajar desde el interior hacia el exterior. Voy a ayudarte a que puedas encontrar tu mejor versi\u00f3n siempre respetando tus ideales, tus gustos y tus preferencias.<\/p>\n<p>Quiero que puedas encontrar tu interior proyectado en tu exterior, para que tu identidad visual te represente 100 %<\/p>\n<p>En el asesoramiento de imagen virtual, realizaremos el test de estilos, el test de colorimetr\u00eda, visagismo y diagn\u00f3stico de cuerpo enfocando en las proporciones tanto verticales como horizontales para trabajar de manera integral tu imagen personal ( lo que proyectas al mundo)\u00a0 y tu belleza ( la cual esta relacionada con tu autoestima).<\/p>\n<p>Dej\u00e1 tus datos en el formulario de contacto para que podamos comunicarnos y enviarte el presupuesto por el servicio.<\/p>\n<p>Los d\u00edas y horarios para el asesoramiento de imagen personalizado presencial se coordinan con tu agenda y la de Yamila.<\/p>\n<p>Los asesoramientos de imagen se realizan en mi estudio personal.<\/p>\n<p style=\"text-align: center;\"><div class=\"wpforms-container wpforms-container-full\" id=\"wpforms-541\"><form id=\"wpforms-form-541\" class=\"wpforms-validate wpforms-form\" data-formid=\"541\" method=\"post\" enctype=\"multipart\/form-data\" action=\"\/index.php\/wp-json\/wp\/v2\/product\/2515\" data-token=\"78eb0e866e756981858c9c2a9f88fbeb\" data-token-time=\"1777049297\"><div class=\"wpforms-head-container\"><div class=\"wpforms-title\">Contacto Yamila Pica<\/div><\/div><noscript class=\"wpforms-error-noscript\">Por favor, activa JavaScript en tu navegador para completar este formulario.<\/noscript><div class=\"wpforms-field-container\"><div id=\"wpforms-541-field_0-container\" class=\"wpforms-field wpforms-field-name\" data-field-id=\"0\"><label class=\"wpforms-field-label\">Nombre <span class=\"wpforms-required-label\">*<\/span><\/label><div class=\"wpforms-field-row wpforms-field-medium\"><div class=\"wpforms-field-row-block wpforms-first wpforms-one-half\"><input type=\"text\" id=\"wpforms-541-field_0\" class=\"wpforms-field-name-first wpforms-field-required\" name=\"wpforms[fields][0][first]\" required><label for=\"wpforms-541-field_0\" class=\"wpforms-field-sublabel after\">Nombre<\/label><\/div><div class=\"wpforms-field-row-block wpforms-one-half\"><input type=\"text\" id=\"wpforms-541-field_0-last\" class=\"wpforms-field-name-last wpforms-field-required\" name=\"wpforms[fields][0][last]\" required><label for=\"wpforms-541-field_0-last\" class=\"wpforms-field-sublabel after\">Apellidos<\/label><\/div><\/div><\/div>\t\t<div id=\"wpforms-541-field_4-container\"\n\t\t\tclass=\"wpforms-field wpforms-field-text\"\n\t\t\tdata-field-type=\"text\"\n\t\t\tdata-field-id=\"4\"\n\t\t\t>\n\t\t\t<label class=\"wpforms-field-label\" for=\"wpforms-541-field_4\" >Tel\u00e9fono Nombre Correo<\/label>\n\t\t\t<input type=\"text\" id=\"wpforms-541-field_4\" class=\"wpforms-field-medium\" name=\"wpforms[fields][4]\" >\n\t\t<\/div>\n\t\t<div id=\"wpforms-541-field_3-container\" class=\"wpforms-field wpforms-field-number\" data-field-id=\"3\"><label class=\"wpforms-field-label\" for=\"wpforms-541-field_3\">Tel\u00e9fono <span class=\"wpforms-required-label\">*<\/span><\/label><input type=\"number\" id=\"wpforms-541-field_3\" class=\"wpforms-field-medium wpforms-field-required\" name=\"wpforms[fields][3]\" step=\"any\" required><\/div><div id=\"wpforms-541-field_1-container\" class=\"wpforms-field wpforms-field-email\" data-field-id=\"1\"><label class=\"wpforms-field-label\" for=\"wpforms-541-field_1\">Correo electr\u00f3nico <span class=\"wpforms-required-label\">*<\/span><\/label><input type=\"email\" id=\"wpforms-541-field_1\" class=\"wpforms-field-medium wpforms-field-required\" name=\"wpforms[fields][1]\" spellcheck=\"false\" required><\/div><div id=\"wpforms-541-field_2-container\" class=\"wpforms-field wpforms-field-textarea\" data-field-id=\"2\"><label class=\"wpforms-field-label\" for=\"wpforms-541-field_2\">Comentario o mensaje <span class=\"wpforms-required-label\">*<\/span><\/label><textarea id=\"wpforms-541-field_2\" class=\"wpforms-field-medium wpforms-field-required\" name=\"wpforms[fields][2]\" required><\/textarea><\/div><script>\n\t\t\t\t( function() {\n\t\t\t\t\tconst style = document.createElement( 'style' );\n\t\t\t\t\tstyle.appendChild( document.createTextNode( '#wpforms-541-field_4-container { position: absolute !important; overflow: hidden !important; display: inline !important; height: 1px !important; width: 1px !important; z-index: -1000 !important; padding: 0 !important; } #wpforms-541-field_4-container input { visibility: hidden; } #wpforms-conversational-form-page #wpforms-541-field_4-container label { counter-increment: none; }' ) );\n\t\t\t\t\tdocument.head.appendChild( style );\n\t\t\t\t\tdocument.currentScript?.remove();\n\t\t\t\t} )();\n\t\t\t<\/script><\/div><!-- .wpforms-field-container --><div class=\"wpforms-recaptcha-container wpforms-is-hcaptcha\" ><div class=\"h-captcha\" data-sitekey=\"6e945d64-e254-4556-a414-0858d3120e10\"><\/div><input type=\"text\" name=\"g-recaptcha-hidden\" class=\"wpforms-recaptcha-hidden\" style=\"position:absolute!important;clip:rect(0,0,0,0)!important;height:1px!important;width:1px!important;border:0!important;overflow:hidden!important;padding:0!important;margin:0!important;\" data-rule-hcaptcha=\"1\"><\/div><div class=\"wpforms-submit-container\" ><input type=\"hidden\" name=\"wpforms[id]\" value=\"541\"><input type=\"hidden\" name=\"page_title\" value=\"\"><input type=\"hidden\" name=\"page_url\" value=\"https:\/\/yamilapica.com\/index.php\/wp-json\/wp\/v2\/product\/2515\"><input type=\"hidden\" name=\"url_referer\" value=\"\"><button type=\"submit\" name=\"wpforms[submit]\" id=\"wpforms-submit-541\" class=\"wpforms-submit\" data-alt-text=\"Enviando...\" data-submit-text=\"Enviar\" aria-live=\"assertive\" value=\"wpforms-submit\">Enviar<\/button><\/div><\/form><\/div>  <!-- .wpforms-container --><\/p>\n","protected":false},"excerpt":{"rendered":"<p>Si sent\u00eds que nada te queda bien, que nunca ten\u00e9s que ponerte. Que tu corte de cabello no te termina de gustar, o siempre tenes dudas respecto de que color de cabello elegir.\u00a0 Si una vez que llevas el cambio adelante\u00a0 te arrepent\u00eds porque sent\u00eds que no fue la mejor opci\u00f3n. Te invito a tomar el servicio de asesoramiento personalizado presencial<\/p>\n","protected":false},"featured_media":2348,"template":"","meta":{"_uag_custom_page_level_css":"","site-sidebar-layout":"default","site-content-layout":"default","ast-site-content-layout":"default","site-content-style":"default","site-sidebar-style":"default","ast-global-header-display":"","ast-banner-title-visibility":"","ast-main-header-display":"","ast-hfb-above-header-display":"","ast-hfb-below-header-display":"","ast-hfb-mobile-header-display":"","site-post-title":"","ast-breadcrumbs-content":"","ast-featured-img":"","footer-sml-layout":"","ast-disable-related-posts":"","theme-transparent-header-meta":"default","adv-header-id-meta":"","stick-header-meta":"","header-above-stick-meta":"","header-main-stick-meta":"","header-below-stick-meta":"","astra-migrate-meta-layouts":"default","ast-page-background-enabled":"default","ast-page-background-meta":{"desktop":{"background-color":"","background-image":"","background-repeat":"repeat","background-position":"center center","background-size":"auto","background-attachment":"scroll","background-type":"","background-media":"","overlay-type":"","overlay-color":"","overlay-opacity":"","overlay-gradient":""},"tablet":{"background-color":"","background-image":"","background-repeat":"repeat","background-position":"center center","background-size":"auto","background-attachment":"scroll","background-type":"","background-media":"","overlay-type":"","overlay-color":"","overlay-opacity":"","overlay-gradient":""},"mobile":{"background-color":"","background-image":"","background-repeat":"repeat","background-position":"center center","background-size":"auto","background-attachment":"scroll","background-type":"","background-media":"","overlay-type":"","overlay-color":"","overlay-opacity":"","overlay-gradient":""}},"ast-content-background-meta":{"desktop":{"background-color":"var(--ast-global-color-5)","background-image":"","background-repeat":"repeat","background-position":"center center","background-size":"auto","background-attachment":"scroll","background-type":"","background-media":"","overlay-type":"","overlay-color":"","overlay-opacity":"","overlay-gradient":""},"tablet":{"background-color":"var(--ast-global-color-5)","background-image":"","background-repeat":"repeat","background-position":"center center","background-size":"auto","background-attachment":"scroll","background-type":"","background-media":"","overlay-type":"","overlay-color":"","overlay-opacity":"","overlay-gradient":""},"mobile":{"background-color":"var(--ast-global-color-5)","background-image":"","background-repeat":"repeat","background-position":"center center","background-size":"auto","background-attachment":"scroll","background-type":"","background-media":"","overlay-type":"","overlay-color":"","overlay-opacity":"","overlay-gradient":""}}},"product_brand":[],"product_cat":[155],"product_tag":[],"class_list":{"0":"post-2515","1":"product","2":"type-product","3":"status-publish","4":"has-post-thumbnail","6":"product_cat-asesoramientos-personalizados","7":"post","8":"desktop-align-left","9":"tablet-align-left","10":"mobile-align-left","12":"first","13":"instock","14":"shipping-taxable","15":"product-type-simple"},"yoast_head":"<!-- This site is optimized with the Yoast SEO plugin v27.4 - https:\/\/yoast.com\/product\/yoast-seo-wordpress\/ -->\n<title>Asesoramiento de imagen personalizado Presencial con Yamila Pica - Asesora de Imagen- Yamila Pica<\/title>\n<meta name=\"description\" content=\"Si necesitas un cambio de imagen podes tomar el asesoramiento de imagen personalizado con Yamila Pica\" \/>\n<meta name=\"robots\" content=\"index, follow, max-snippet:-1, max-image-preview:large, max-video-preview:-1\" \/>\n<link rel=\"canonical\" href=\"https:\/\/yamilapica.com\/index.php\/producto\/asesoramiento-de-imagen-personalizado-presencial-con-yamila-pica\/\" \/>\n<meta property=\"og:locale\" content=\"es_ES\" \/>\n<meta property=\"og:type\" content=\"article\" \/>\n<meta property=\"og:title\" content=\"Asesoramiento de imagen personalizado Presencial con Yamila Pica - Asesora de Imagen- Yamila Pica\" \/>\n<meta property=\"og:description\" content=\"Si necesitas un cambio de imagen podes tomar el asesoramiento de imagen personalizado con Yamila Pica\" \/>\n<meta property=\"og:url\" content=\"https:\/\/yamilapica.com\/index.php\/producto\/asesoramiento-de-imagen-personalizado-presencial-con-yamila-pica\/\" \/>\n<meta property=\"og:site_name\" content=\"Asesora de Imagen- Yamila Pica\" \/>\n<meta property=\"article:modified_time\" content=\"2022-08-05T22:53:49+00:00\" \/>\n<meta property=\"og:image\" content=\"https:\/\/yamilapica.com\/wp-content\/uploads\/2022\/05\/look-de-fiesta-con-yamila-pica-minc-sisters-2-scaled-e1655332256389.jpg\" \/>\n\t<meta property=\"og:image:width\" content=\"2048\" \/>\n\t<meta property=\"og:image:height\" content=\"1365\" \/>\n\t<meta property=\"og:image:type\" content=\"image\/jpeg\" \/>\n<meta name=\"twitter:card\" content=\"summary_large_image\" \/>\n<meta name=\"twitter:label1\" content=\"Tiempo de lectura\" \/>\n\t<meta name=\"twitter:data1\" content=\"2 minutos\" \/>\n<script type=\"application\/ld+json\" class=\"yoast-schema-graph\">{\"@context\":\"https:\\\/\\\/schema.org\",\"@graph\":[{\"@type\":\"WebPage\",\"@id\":\"https:\\\/\\\/yamilapica.com\\\/index.php\\\/producto\\\/asesoramiento-de-imagen-personalizado-presencial-con-yamila-pica\\\/\",\"url\":\"https:\\\/\\\/yamilapica.com\\\/index.php\\\/producto\\\/asesoramiento-de-imagen-personalizado-presencial-con-yamila-pica\\\/\",\"name\":\"Asesoramiento de imagen personalizado Presencial con Yamila Pica - Asesora de Imagen- Yamila Pica\",\"isPartOf\":{\"@id\":\"https:\\\/\\\/yamilapica.com\\\/#website\"},\"primaryImageOfPage\":{\"@id\":\"https:\\\/\\\/yamilapica.com\\\/index.php\\\/producto\\\/asesoramiento-de-imagen-personalizado-presencial-con-yamila-pica\\\/#primaryimage\"},\"image\":{\"@id\":\"https:\\\/\\\/yamilapica.com\\\/index.php\\\/producto\\\/asesoramiento-de-imagen-personalizado-presencial-con-yamila-pica\\\/#primaryimage\"},\"thumbnailUrl\":\"https:\\\/\\\/yamilapica.com\\\/wp-content\\\/uploads\\\/2022\\\/05\\\/look-de-fiesta-con-yamila-pica-minc-sisters-2-scaled-e1655332256389.jpg\",\"datePublished\":\"2022-05-31T15:25:17+00:00\",\"dateModified\":\"2022-08-05T22:53:49+00:00\",\"description\":\"Si necesitas un cambio de imagen podes tomar el asesoramiento de imagen personalizado con Yamila Pica\",\"breadcrumb\":{\"@id\":\"https:\\\/\\\/yamilapica.com\\\/index.php\\\/producto\\\/asesoramiento-de-imagen-personalizado-presencial-con-yamila-pica\\\/#breadcrumb\"},\"inLanguage\":\"es\",\"potentialAction\":[{\"@type\":\"ReadAction\",\"target\":[\"https:\\\/\\\/yamilapica.com\\\/index.php\\\/producto\\\/asesoramiento-de-imagen-personalizado-presencial-con-yamila-pica\\\/\"]}]},{\"@type\":\"ImageObject\",\"inLanguage\":\"es\",\"@id\":\"https:\\\/\\\/yamilapica.com\\\/index.php\\\/producto\\\/asesoramiento-de-imagen-personalizado-presencial-con-yamila-pica\\\/#primaryimage\",\"url\":\"https:\\\/\\\/yamilapica.com\\\/wp-content\\\/uploads\\\/2022\\\/05\\\/look-de-fiesta-con-yamila-pica-minc-sisters-2-scaled-e1655332256389.jpg\",\"contentUrl\":\"https:\\\/\\\/yamilapica.com\\\/wp-content\\\/uploads\\\/2022\\\/05\\\/look-de-fiesta-con-yamila-pica-minc-sisters-2-scaled-e1655332256389.jpg\",\"width\":2048,\"height\":1365,\"caption\":\"Yamila Pica Asesora de imagen\"},{\"@type\":\"BreadcrumbList\",\"@id\":\"https:\\\/\\\/yamilapica.com\\\/index.php\\\/producto\\\/asesoramiento-de-imagen-personalizado-presencial-con-yamila-pica\\\/#breadcrumb\",\"itemListElement\":[{\"@type\":\"ListItem\",\"position\":1,\"name\":\"Portada\",\"item\":\"https:\\\/\\\/yamilapica.com\\\/\"},{\"@type\":\"ListItem\",\"position\":2,\"name\":\"Tienda\",\"item\":\"https:\\\/\\\/yamilapica.com\\\/index.php\\\/tienda\\\/\"},{\"@type\":\"ListItem\",\"position\":3,\"name\":\"Asesoramiento de imagen personalizado Presencial con Yamila Pica\"}]},{\"@type\":\"WebSite\",\"@id\":\"https:\\\/\\\/yamilapica.com\\\/#website\",\"url\":\"https:\\\/\\\/yamilapica.com\\\/\",\"name\":\"Yamila Pica - Bienvenida a tu Belleza Honesta!\",\"description\":\"ASESORA DE IMAGEN\",\"publisher\":{\"@id\":\"https:\\\/\\\/yamilapica.com\\\/#\\\/schema\\\/person\\\/0b49a5249c773db8925680f7cb8be734\"},\"potentialAction\":[{\"@type\":\"SearchAction\",\"target\":{\"@type\":\"EntryPoint\",\"urlTemplate\":\"https:\\\/\\\/yamilapica.com\\\/?s={search_term_string}\"},\"query-input\":{\"@type\":\"PropertyValueSpecification\",\"valueRequired\":true,\"valueName\":\"search_term_string\"}}],\"inLanguage\":\"es\"},{\"@type\":[\"Person\",\"Organization\"],\"@id\":\"https:\\\/\\\/yamilapica.com\\\/#\\\/schema\\\/person\\\/0b49a5249c773db8925680f7cb8be734\",\"name\":\"Yamila Pica\",\"image\":{\"@type\":\"ImageObject\",\"inLanguage\":\"es\",\"@id\":\"https:\\\/\\\/yamilapica.com\\\/wp-content\\\/uploads\\\/2022\\\/04\\\/Webp.net-resizeimage-13.jpg\",\"url\":\"https:\\\/\\\/yamilapica.com\\\/wp-content\\\/uploads\\\/2022\\\/04\\\/Webp.net-resizeimage-13.jpg\",\"contentUrl\":\"https:\\\/\\\/yamilapica.com\\\/wp-content\\\/uploads\\\/2022\\\/04\\\/Webp.net-resizeimage-13.jpg\",\"width\":250,\"height\":78,\"caption\":\"Yamila Pica\"},\"logo\":{\"@id\":\"https:\\\/\\\/yamilapica.com\\\/wp-content\\\/uploads\\\/2022\\\/04\\\/Webp.net-resizeimage-13.jpg\"},\"sameAs\":[\"http:\\\/\\\/www.yamilapica.com\"]}]}<\/script>\n<!-- \/ Yoast SEO plugin. -->","yoast_head_json":{"title":"Asesoramiento de imagen personalizado Presencial con Yamila Pica - Asesora de Imagen- Yamila Pica","description":"Si necesitas un cambio de imagen podes tomar el asesoramiento de imagen personalizado con Yamila Pica","robots":{"index":"index","follow":"follow","max-snippet":"max-snippet:-1","max-image-preview":"max-image-preview:large","max-video-preview":"max-video-preview:-1"},"canonical":"https:\/\/yamilapica.com\/index.php\/producto\/asesoramiento-de-imagen-personalizado-presencial-con-yamila-pica\/","og_locale":"es_ES","og_type":"article","og_title":"Asesoramiento de imagen personalizado Presencial con Yamila Pica - Asesora de Imagen- Yamila Pica","og_description":"Si necesitas un cambio de imagen podes tomar el asesoramiento de imagen personalizado con Yamila Pica","og_url":"https:\/\/yamilapica.com\/index.php\/producto\/asesoramiento-de-imagen-personalizado-presencial-con-yamila-pica\/","og_site_name":"Asesora de Imagen- Yamila Pica","article_modified_time":"2022-08-05T22:53:49+00:00","og_image":[{"width":2048,"height":1365,"url":"https:\/\/yamilapica.com\/wp-content\/uploads\/2022\/05\/look-de-fiesta-con-yamila-pica-minc-sisters-2-scaled-e1655332256389.jpg","type":"image\/jpeg"}],"twitter_card":"summary_large_image","twitter_misc":{"Tiempo de lectura":"2 minutos"},"schema":{"@context":"https:\/\/schema.org","@graph":[{"@type":"WebPage","@id":"https:\/\/yamilapica.com\/index.php\/producto\/asesoramiento-de-imagen-personalizado-presencial-con-yamila-pica\/","url":"https:\/\/yamilapica.com\/index.php\/producto\/asesoramiento-de-imagen-personalizado-presencial-con-yamila-pica\/","name":"Asesoramiento de imagen personalizado Presencial con Yamila Pica - Asesora de Imagen- Yamila Pica","isPartOf":{"@id":"https:\/\/yamilapica.com\/#website"},"primaryImageOfPage":{"@id":"https:\/\/yamilapica.com\/index.php\/producto\/asesoramiento-de-imagen-personalizado-presencial-con-yamila-pica\/#primaryimage"},"image":{"@id":"https:\/\/yamilapica.com\/index.php\/producto\/asesoramiento-de-imagen-personalizado-presencial-con-yamila-pica\/#primaryimage"},"thumbnailUrl":"https:\/\/yamilapica.com\/wp-content\/uploads\/2022\/05\/look-de-fiesta-con-yamila-pica-minc-sisters-2-scaled-e1655332256389.jpg","datePublished":"2022-05-31T15:25:17+00:00","dateModified":"2022-08-05T22:53:49+00:00","description":"Si necesitas un cambio de imagen podes tomar el asesoramiento de imagen personalizado con Yamila Pica","breadcrumb":{"@id":"https:\/\/yamilapica.com\/index.php\/producto\/asesoramiento-de-imagen-personalizado-presencial-con-yamila-pica\/#breadcrumb"},"inLanguage":"es","potentialAction":[{"@type":"ReadAction","target":["https:\/\/yamilapica.com\/index.php\/producto\/asesoramiento-de-imagen-personalizado-presencial-con-yamila-pica\/"]}]},{"@type":"ImageObject","inLanguage":"es","@id":"https:\/\/yamilapica.com\/index.php\/producto\/asesoramiento-de-imagen-personalizado-presencial-con-yamila-pica\/#primaryimage","url":"https:\/\/yamilapica.com\/wp-content\/uploads\/2022\/05\/look-de-fiesta-con-yamila-pica-minc-sisters-2-scaled-e1655332256389.jpg","contentUrl":"https:\/\/yamilapica.com\/wp-content\/uploads\/2022\/05\/look-de-fiesta-con-yamila-pica-minc-sisters-2-scaled-e1655332256389.jpg","width":2048,"height":1365,"caption":"Yamila Pica Asesora de imagen"},{"@type":"BreadcrumbList","@id":"https:\/\/yamilapica.com\/index.php\/producto\/asesoramiento-de-imagen-personalizado-presencial-con-yamila-pica\/#breadcrumb","itemListElement":[{"@type":"ListItem","position":1,"name":"Portada","item":"https:\/\/yamilapica.com\/"},{"@type":"ListItem","position":2,"name":"Tienda","item":"https:\/\/yamilapica.com\/index.php\/tienda\/"},{"@type":"ListItem","position":3,"name":"Asesoramiento de imagen personalizado Presencial con Yamila Pica"}]},{"@type":"WebSite","@id":"https:\/\/yamilapica.com\/#website","url":"https:\/\/yamilapica.com\/","name":"Yamila Pica - Bienvenida a tu Belleza Honesta!","description":"ASESORA DE IMAGEN","publisher":{"@id":"https:\/\/yamilapica.com\/#\/schema\/person\/0b49a5249c773db8925680f7cb8be734"},"potentialAction":[{"@type":"SearchAction","target":{"@type":"EntryPoint","urlTemplate":"https:\/\/yamilapica.com\/?s={search_term_string}"},"query-input":{"@type":"PropertyValueSpecification","valueRequired":true,"valueName":"search_term_string"}}],"inLanguage":"es"},{"@type":["Person","Organization"],"@id":"https:\/\/yamilapica.com\/#\/schema\/person\/0b49a5249c773db8925680f7cb8be734","name":"Yamila Pica","image":{"@type":"ImageObject","inLanguage":"es","@id":"https:\/\/yamilapica.com\/wp-content\/uploads\/2022\/04\/Webp.net-resizeimage-13.jpg","url":"https:\/\/yamilapica.com\/wp-content\/uploads\/2022\/04\/Webp.net-resizeimage-13.jpg","contentUrl":"https:\/\/yamilapica.com\/wp-content\/uploads\/2022\/04\/Webp.net-resizeimage-13.jpg","width":250,"height":78,"caption":"Yamila Pica"},"logo":{"@id":"https:\/\/yamilapica.com\/wp-content\/uploads\/2022\/04\/Webp.net-resizeimage-13.jpg"},"sameAs":["http:\/\/www.yamilapica.com"]}]}},"uagb_featured_image_src":{"full":["https:\/\/yamilapica.com\/wp-content\/uploads\/2022\/05\/look-de-fiesta-con-yamila-pica-minc-sisters-2-scaled-e1655332256389.jpg",2048,1365,false],"thumbnail":["https:\/\/yamilapica.com\/wp-content\/uploads\/2022\/05\/look-de-fiesta-con-yamila-pica-minc-sisters-2-scaled-e1655332256389-150x150.jpg",150,150,true],"medium":["https:\/\/yamilapica.com\/wp-content\/uploads\/2022\/05\/look-de-fiesta-con-yamila-pica-minc-sisters-2-scaled-e1655332256389-300x200.jpg",300,200,true],"medium_large":["https:\/\/yamilapica.com\/wp-content\/uploads\/2022\/05\/look-de-fiesta-con-yamila-pica-minc-sisters-2-scaled-e1655332256389-768x512.jpg",768,512,true],"large":["https:\/\/yamilapica.com\/wp-content\/uploads\/2022\/05\/look-de-fiesta-con-yamila-pica-minc-sisters-2-scaled-e1655332256389-1024x683.jpg",1024,683,true],"1536x1536":["https:\/\/yamilapica.com\/wp-content\/uploads\/2022\/05\/look-de-fiesta-con-yamila-pica-minc-sisters-2-scaled-e1655332256389-1536x1024.jpg",1536,1024,true],"2048x2048":["https:\/\/yamilapica.com\/wp-content\/uploads\/2022\/05\/look-de-fiesta-con-yamila-pica-minc-sisters-2-2048x1365.jpg",2048,1365,true],"course_archive_thumbnail":["https:\/\/yamilapica.com\/wp-content\/uploads\/2022\/05\/look-de-fiesta-con-yamila-pica-minc-sisters-2-scaled-e1655332256389-150x100.jpg",150,100,true],"course_single_thumbnail":["https:\/\/yamilapica.com\/wp-content\/uploads\/2022\/05\/look-de-fiesta-con-yamila-pica-minc-sisters-2-scaled-e1655332256389-150x100.jpg",150,100,true],"lesson_archive_thumbnail":["https:\/\/yamilapica.com\/wp-content\/uploads\/2022\/05\/look-de-fiesta-con-yamila-pica-minc-sisters-2-scaled-e1655332256389-225x150.jpg",225,150,true],"lesson_single_thumbnail":["https:\/\/yamilapica.com\/wp-content\/uploads\/2022\/05\/look-de-fiesta-con-yamila-pica-minc-sisters-2-scaled-e1655332256389-225x150.jpg",225,150,true],"woocommerce_thumbnail":["https:\/\/yamilapica.com\/wp-content\/uploads\/2022\/05\/look-de-fiesta-con-yamila-pica-minc-sisters-2-scaled-e1655332256389-300x300.jpg",300,300,true],"woocommerce_single":["https:\/\/yamilapica.com\/wp-content\/uploads\/2022\/05\/look-de-fiesta-con-yamila-pica-minc-sisters-2-scaled-e1655332256389-600x400.jpg",600,400,true],"woocommerce_gallery_thumbnail":["https:\/\/yamilapica.com\/wp-content\/uploads\/2022\/05\/look-de-fiesta-con-yamila-pica-minc-sisters-2-scaled-e1655332256389-100x100.jpg",100,100,true]},"uagb_author_info":{"display_name":"Yamila Pica","author_link":"https:\/\/yamilapica.com\/index.php\/author\/"},"uagb_comment_info":0,"uagb_excerpt":"Si sent\u00eds que nada te queda bien, que nunca ten\u00e9s que ponerte. Que tu corte de cabello no te termina de gustar, o siempre tenes dudas respecto de que color de cabello elegir.\u00a0 Si una vez que llevas el cambio adelante\u00a0 te arrepent\u00eds porque sent\u00eds que no fue la mejor opci\u00f3n. Te invito a tomar&hellip;","_links":{"self":[{"href":"https:\/\/yamilapica.com\/index.php\/wp-json\/wp\/v2\/product\/2515","targetHints":{"allow":["GET"]}}],"collection":[{"href":"https:\/\/yamilapica.com\/index.php\/wp-json\/wp\/v2\/product"}],"about":[{"href":"https:\/\/yamilapica.com\/index.php\/wp-json\/wp\/v2\/types\/product"}],"version-history":[{"count":0,"href":"https:\/\/yamilapica.com\/index.php\/wp-json\/wp\/v2\/product\/2515\/revisions"}],"wp:featuredmedia":[{"embeddable":true,"href":"https:\/\/yamilapica.com\/index.php\/wp-json\/wp\/v2\/media\/2348"}],"wp:attachment":[{"href":"https:\/\/yamilapica.com\/index.php\/wp-json\/wp\/v2\/media?parent=2515"}],"wp:term":[{"taxonomy":"product_brand","embeddable":true,"href":"https:\/\/yamilapica.com\/index.php\/wp-json\/wp\/v2\/product_brand?post=2515"},{"taxonomy":"product_cat","embeddable":true,"href":"https:\/\/yamilapica.com\/index.php\/wp-json\/wp\/v2\/product_cat?post=2515"},{"taxonomy":"product_tag","embeddable":true,"href":"https:\/\/yamilapica.com\/index.php\/wp-json\/wp\/v2\/product_tag?post=2515"}],"curies":[{"name":"wp","href":"https:\/\/api.w.org\/{rel}","templated":true}]}}