{"id":1086,"date":"2020-11-09T15:45:03","date_gmt":"2020-11-09T18:45:03","guid":{"rendered":"https:\/\/yamilapica.com\/?post_type=product&#038;p=1086"},"modified":"2026-04-19T23:14:51","modified_gmt":"2026-04-20T02:14:51","slug":"belleza-honesta-edicion-digital","status":"publish","type":"product","link":"https:\/\/yamilapica.com\/index.php\/producto\/belleza-honesta-edicion-digital\/","title":{"rendered":"Libro Belleza Honesta (Edici\u00f3n Digital)"},"content":{"rendered":"<h2><img fetchpriority=\"high\" decoding=\"async\" class=\" wp-image-39 aligncenter\" src=\"https:\/\/yamilapica.com\/wp-content\/uploads\/2020\/04\/PHOTO-2020-04-05-14-41-21.jpg\" alt=\"Libro Belleza Honesta de Yamila Pica\" width=\"304\" height=\"460\" \/><\/h2>\n<h2><\/h2>\n<h2>Que vas a encontrar en el libro Belleza Honesta que te ayude a mejorar tu imagen personal?<\/h2>\n<p>&nbsp;<\/p>\n<p>En sus p\u00e1ginas encontrar\u00e1s conceptos clave de asesora de imagen, tales como:<\/p>\n<h4>Morfolog\u00edas de Cuerpos<\/h4>\n<p>Como sacar el mejor provecho a las formas de tu cuerpo, resaltando las partes donde sabemos que destacamos y neutralizando aquellas\u00a0que no queremos destacar<\/p>\n<h4>Colorimetr\u00eda<\/h4>\n<p>Aprend\u00e9 a encontrar los colores que m\u00e1s te favorecen, y a jugar con ellos para estar siempre bien combinada<\/p>\n<h4>Visagismo<\/h4>\n<p>Aprender\u00e1s acerca de los distintos tipos de rostros, y los accesorios y cortes de cabello que resultan m\u00e1s favorecedores para cada uno de ellos<\/p>\n<h4>Y mas, mucho mas!<\/h4>\n<p>Diagn\u00f3stico y ordenamiento de tu vestidor, accesorios, embarazadas y novias&#8230; un poco para cada necesidad!<\/p>\n<h3 style=\"text-align: center;\"><strong>El libro Belleza Honesta es un manual introductorio (e infaltable) <\/strong><strong>al mundo de la moda y la imagen personal.<\/strong><\/h3>\n<p>&nbsp;<\/p>\n","protected":false},"excerpt":{"rendered":"<p><span style=\"font-size: 16px;\">En mi libro Belleza Honesta te ense\u00f1ar\u00e9 a encontrar la imagen que siempre quisiste tener.<\/span><\/p>\n<p>A lo largo de sus p\u00e1ginas, te voy a acompa\u00f1ar para entender los secretos de la imagen personal, la moda y el estilo, de forma simple y con claves f\u00e1ciles para que puedas aplicar y encontrar rapidamente la mejor version de vos misma.<\/p>\n<p>Tanto si ya tienes conocimientos previos de asesor\u00eda de imagen, como si estas comenzando un camino personal para encontrar tu mejor versi\u00f3n, el libro Belleza Honesta va a ser tu hoja de ruta, que vas a querer leer y releer mas de una vez!<\/p>\n","protected":false},"featured_media":4018,"template":"","meta":{"_uag_custom_page_level_css":"","site-sidebar-layout":"default","site-content-layout":"default","ast-site-content-layout":"default","site-content-style":"default","site-sidebar-style":"default","ast-global-header-display":"","ast-banner-title-visibility":"","ast-main-header-display":"","ast-hfb-above-header-display":"","ast-hfb-below-header-display":"","ast-hfb-mobile-header-display":"","site-post-title":"disabled","ast-breadcrumbs-content":"","ast-featured-img":"","footer-sml-layout":"","ast-disable-related-posts":"","theme-transparent-header-meta":"default","adv-header-id-meta":"","stick-header-meta":"","header-above-stick-meta":"","header-main-stick-meta":"","header-below-stick-meta":"","astra-migrate-meta-layouts":"set","ast-page-background-enabled":"default","ast-page-background-meta":{"desktop":{"background-color":"","background-image":"","background-repeat":"repeat","background-position":"center center","background-size":"auto","background-attachment":"scroll","background-type":"","background-media":"","overlay-type":"","overlay-color":"","overlay-opacity":"","overlay-gradient":""},"tablet":{"background-color":"","background-image":"","background-repeat":"repeat","background-position":"center center","background-size":"auto","background-attachment":"scroll","background-type":"","background-media":"","overlay-type":"","overlay-color":"","overlay-opacity":"","overlay-gradient":""},"mobile":{"background-color":"","background-image":"","background-repeat":"repeat","background-position":"center center","background-size":"auto","background-attachment":"scroll","background-type":"","background-media":"","overlay-type":"","overlay-color":"","overlay-opacity":"","overlay-gradient":""}},"ast-content-background-meta":{"desktop":{"background-color":"var(--ast-global-color-5)","background-image":"","background-repeat":"repeat","background-position":"center center","background-size":"auto","background-attachment":"scroll","background-type":"","background-media":"","overlay-type":"","overlay-color":"","overlay-opacity":"","overlay-gradient":""},"tablet":{"background-color":"var(--ast-global-color-5)","background-image":"","background-repeat":"repeat","background-position":"center center","background-size":"auto","background-attachment":"scroll","background-type":"","background-media":"","overlay-type":"","overlay-color":"","overlay-opacity":"","overlay-gradient":""},"mobile":{"background-color":"var(--ast-global-color-5)","background-image":"","background-repeat":"repeat","background-position":"center center","background-size":"auto","background-attachment":"scroll","background-type":"","background-media":"","overlay-type":"","overlay-color":"","overlay-opacity":"","overlay-gradient":""}}},"product_brand":[],"product_cat":[156],"product_tag":[114,113],"class_list":{"0":"post-1086","1":"product","2":"type-product","3":"status-publish","4":"has-post-thumbnail","6":"product_cat-libro","7":"product_tag-belleza-honesta","8":"product_tag-libros","9":"post","10":"desktop-align-left","11":"tablet-align-left","12":"mobile-align-left","14":"first","15":"instock","16":"downloadable","17":"shipping-taxable","18":"purchasable","19":"product-type-simple"},"yoast_head":"<!-- This site is optimized with the Yoast SEO plugin v27.4 - https:\/\/yoast.com\/product\/yoast-seo-wordpress\/ -->\n<title>Libro Belleza Honesta (Digital) - Asesoria de Imagen<\/title>\n<meta name=\"description\" content=\"El libro Belleza Honesta es un manual infaltable al mundo de la moda y la imagen personal, dirigido a toda mujer que quiera mejorar su imagen personal\" \/>\n<meta name=\"robots\" content=\"index, follow, max-snippet:-1, max-image-preview:large, max-video-preview:-1\" \/>\n<link rel=\"canonical\" href=\"https:\/\/yamilapica.com\/index.php\/producto\/belleza-honesta-edicion-digital\/\" \/>\n<meta property=\"og:locale\" content=\"es_ES\" \/>\n<meta property=\"og:type\" content=\"article\" \/>\n<meta property=\"og:title\" content=\"Libro Belleza Honesta (Digital) - Asesoria de Imagen\" \/>\n<meta property=\"og:description\" content=\"El libro Belleza Honesta es un manual infaltable al mundo de la moda y la imagen personal, dirigido a toda mujer que quiera mejorar su imagen personal\" \/>\n<meta property=\"og:url\" content=\"https:\/\/yamilapica.com\/index.php\/producto\/belleza-honesta-edicion-digital\/\" \/>\n<meta property=\"og:site_name\" content=\"Asesora de Imagen- Yamila Pica\" \/>\n<meta property=\"article:modified_time\" content=\"2026-04-20T02:14:51+00:00\" \/>\n<meta property=\"og:image\" content=\"https:\/\/yamilapica.com\/wp-content\/uploads\/2025\/03\/yamila-jan-28-2025-kobe-web-365-2-2.jpg\" \/>\n\t<meta property=\"og:image:width\" content=\"1800\" \/>\n\t<meta property=\"og:image:height\" content=\"1369\" \/>\n\t<meta property=\"og:image:type\" content=\"image\/jpeg\" \/>\n<meta name=\"twitter:card\" content=\"summary_large_image\" \/>\n<meta name=\"twitter:label1\" content=\"Tiempo de lectura\" \/>\n\t<meta name=\"twitter:data1\" content=\"2 minutos\" \/>\n<script type=\"application\/ld+json\" class=\"yoast-schema-graph\">{\"@context\":\"https:\\\/\\\/schema.org\",\"@graph\":[{\"@type\":\"WebPage\",\"@id\":\"https:\\\/\\\/yamilapica.com\\\/index.php\\\/producto\\\/belleza-honesta-edicion-digital\\\/\",\"url\":\"https:\\\/\\\/yamilapica.com\\\/index.php\\\/producto\\\/belleza-honesta-edicion-digital\\\/\",\"name\":\"Libro Belleza Honesta (Digital) - Asesoria de Imagen\",\"isPartOf\":{\"@id\":\"https:\\\/\\\/yamilapica.com\\\/#website\"},\"primaryImageOfPage\":{\"@id\":\"https:\\\/\\\/yamilapica.com\\\/index.php\\\/producto\\\/belleza-honesta-edicion-digital\\\/#primaryimage\"},\"image\":{\"@id\":\"https:\\\/\\\/yamilapica.com\\\/index.php\\\/producto\\\/belleza-honesta-edicion-digital\\\/#primaryimage\"},\"thumbnailUrl\":\"https:\\\/\\\/yamilapica.com\\\/wp-content\\\/uploads\\\/2025\\\/03\\\/yamila-jan-28-2025-kobe-web-365-2-2.jpg\",\"datePublished\":\"2020-11-09T18:45:03+00:00\",\"dateModified\":\"2026-04-20T02:14:51+00:00\",\"description\":\"El libro Belleza Honesta es un manual infaltable al mundo de la moda y la imagen personal, dirigido a toda mujer que quiera mejorar su imagen personal\",\"breadcrumb\":{\"@id\":\"https:\\\/\\\/yamilapica.com\\\/index.php\\\/producto\\\/belleza-honesta-edicion-digital\\\/#breadcrumb\"},\"inLanguage\":\"es\",\"potentialAction\":[{\"@type\":\"ReadAction\",\"target\":[\"https:\\\/\\\/yamilapica.com\\\/index.php\\\/producto\\\/belleza-honesta-edicion-digital\\\/\"]}]},{\"@type\":\"ImageObject\",\"inLanguage\":\"es\",\"@id\":\"https:\\\/\\\/yamilapica.com\\\/index.php\\\/producto\\\/belleza-honesta-edicion-digital\\\/#primaryimage\",\"url\":\"https:\\\/\\\/yamilapica.com\\\/wp-content\\\/uploads\\\/2025\\\/03\\\/yamila-jan-28-2025-kobe-web-365-2-2.jpg\",\"contentUrl\":\"https:\\\/\\\/yamilapica.com\\\/wp-content\\\/uploads\\\/2025\\\/03\\\/yamila-jan-28-2025-kobe-web-365-2-2.jpg\",\"width\":1800,\"height\":1369},{\"@type\":\"BreadcrumbList\",\"@id\":\"https:\\\/\\\/yamilapica.com\\\/index.php\\\/producto\\\/belleza-honesta-edicion-digital\\\/#breadcrumb\",\"itemListElement\":[{\"@type\":\"ListItem\",\"position\":1,\"name\":\"Portada\",\"item\":\"https:\\\/\\\/yamilapica.com\\\/\"},{\"@type\":\"ListItem\",\"position\":2,\"name\":\"Tienda\",\"item\":\"https:\\\/\\\/yamilapica.com\\\/index.php\\\/tienda\\\/\"},{\"@type\":\"ListItem\",\"position\":3,\"name\":\"Libro Belleza Honesta (Edici\u00f3n Digital)\"}]},{\"@type\":\"WebSite\",\"@id\":\"https:\\\/\\\/yamilapica.com\\\/#website\",\"url\":\"https:\\\/\\\/yamilapica.com\\\/\",\"name\":\"Yamila Pica - Bienvenida a tu Belleza Honesta!\",\"description\":\"ASESORA DE IMAGEN\",\"publisher\":{\"@id\":\"https:\\\/\\\/yamilapica.com\\\/#\\\/schema\\\/person\\\/0b49a5249c773db8925680f7cb8be734\"},\"potentialAction\":[{\"@type\":\"SearchAction\",\"target\":{\"@type\":\"EntryPoint\",\"urlTemplate\":\"https:\\\/\\\/yamilapica.com\\\/?s={search_term_string}\"},\"query-input\":{\"@type\":\"PropertyValueSpecification\",\"valueRequired\":true,\"valueName\":\"search_term_string\"}}],\"inLanguage\":\"es\"},{\"@type\":[\"Person\",\"Organization\"],\"@id\":\"https:\\\/\\\/yamilapica.com\\\/#\\\/schema\\\/person\\\/0b49a5249c773db8925680f7cb8be734\",\"name\":\"Yamila Pica\",\"image\":{\"@type\":\"ImageObject\",\"inLanguage\":\"es\",\"@id\":\"https:\\\/\\\/yamilapica.com\\\/wp-content\\\/uploads\\\/2022\\\/04\\\/Webp.net-resizeimage-13.jpg\",\"url\":\"https:\\\/\\\/yamilapica.com\\\/wp-content\\\/uploads\\\/2022\\\/04\\\/Webp.net-resizeimage-13.jpg\",\"contentUrl\":\"https:\\\/\\\/yamilapica.com\\\/wp-content\\\/uploads\\\/2022\\\/04\\\/Webp.net-resizeimage-13.jpg\",\"width\":250,\"height\":78,\"caption\":\"Yamila Pica\"},\"logo\":{\"@id\":\"https:\\\/\\\/yamilapica.com\\\/wp-content\\\/uploads\\\/2022\\\/04\\\/Webp.net-resizeimage-13.jpg\"},\"sameAs\":[\"http:\\\/\\\/www.yamilapica.com\"]}]}<\/script>\n<!-- \/ Yoast SEO plugin. -->","yoast_head_json":{"title":"Libro Belleza Honesta (Digital) - Asesoria de Imagen","description":"El libro Belleza Honesta es un manual infaltable al mundo de la moda y la imagen personal, dirigido a toda mujer que quiera mejorar su imagen personal","robots":{"index":"index","follow":"follow","max-snippet":"max-snippet:-1","max-image-preview":"max-image-preview:large","max-video-preview":"max-video-preview:-1"},"canonical":"https:\/\/yamilapica.com\/index.php\/producto\/belleza-honesta-edicion-digital\/","og_locale":"es_ES","og_type":"article","og_title":"Libro Belleza Honesta (Digital) - Asesoria de Imagen","og_description":"El libro Belleza Honesta es un manual infaltable al mundo de la moda y la imagen personal, dirigido a toda mujer que quiera mejorar su imagen personal","og_url":"https:\/\/yamilapica.com\/index.php\/producto\/belleza-honesta-edicion-digital\/","og_site_name":"Asesora de Imagen- Yamila Pica","article_modified_time":"2026-04-20T02:14:51+00:00","og_image":[{"width":1800,"height":1369,"url":"https:\/\/yamilapica.com\/wp-content\/uploads\/2025\/03\/yamila-jan-28-2025-kobe-web-365-2-2.jpg","type":"image\/jpeg"}],"twitter_card":"summary_large_image","twitter_misc":{"Tiempo de lectura":"2 minutos"},"schema":{"@context":"https:\/\/schema.org","@graph":[{"@type":"WebPage","@id":"https:\/\/yamilapica.com\/index.php\/producto\/belleza-honesta-edicion-digital\/","url":"https:\/\/yamilapica.com\/index.php\/producto\/belleza-honesta-edicion-digital\/","name":"Libro Belleza Honesta (Digital) - Asesoria de Imagen","isPartOf":{"@id":"https:\/\/yamilapica.com\/#website"},"primaryImageOfPage":{"@id":"https:\/\/yamilapica.com\/index.php\/producto\/belleza-honesta-edicion-digital\/#primaryimage"},"image":{"@id":"https:\/\/yamilapica.com\/index.php\/producto\/belleza-honesta-edicion-digital\/#primaryimage"},"thumbnailUrl":"https:\/\/yamilapica.com\/wp-content\/uploads\/2025\/03\/yamila-jan-28-2025-kobe-web-365-2-2.jpg","datePublished":"2020-11-09T18:45:03+00:00","dateModified":"2026-04-20T02:14:51+00:00","description":"El libro Belleza Honesta es un manual infaltable al mundo de la moda y la imagen personal, dirigido a toda mujer que quiera mejorar su imagen personal","breadcrumb":{"@id":"https:\/\/yamilapica.com\/index.php\/producto\/belleza-honesta-edicion-digital\/#breadcrumb"},"inLanguage":"es","potentialAction":[{"@type":"ReadAction","target":["https:\/\/yamilapica.com\/index.php\/producto\/belleza-honesta-edicion-digital\/"]}]},{"@type":"ImageObject","inLanguage":"es","@id":"https:\/\/yamilapica.com\/index.php\/producto\/belleza-honesta-edicion-digital\/#primaryimage","url":"https:\/\/yamilapica.com\/wp-content\/uploads\/2025\/03\/yamila-jan-28-2025-kobe-web-365-2-2.jpg","contentUrl":"https:\/\/yamilapica.com\/wp-content\/uploads\/2025\/03\/yamila-jan-28-2025-kobe-web-365-2-2.jpg","width":1800,"height":1369},{"@type":"BreadcrumbList","@id":"https:\/\/yamilapica.com\/index.php\/producto\/belleza-honesta-edicion-digital\/#breadcrumb","itemListElement":[{"@type":"ListItem","position":1,"name":"Portada","item":"https:\/\/yamilapica.com\/"},{"@type":"ListItem","position":2,"name":"Tienda","item":"https:\/\/yamilapica.com\/index.php\/tienda\/"},{"@type":"ListItem","position":3,"name":"Libro Belleza Honesta (Edici\u00f3n Digital)"}]},{"@type":"WebSite","@id":"https:\/\/yamilapica.com\/#website","url":"https:\/\/yamilapica.com\/","name":"Yamila Pica - Bienvenida a tu Belleza Honesta!","description":"ASESORA DE IMAGEN","publisher":{"@id":"https:\/\/yamilapica.com\/#\/schema\/person\/0b49a5249c773db8925680f7cb8be734"},"potentialAction":[{"@type":"SearchAction","target":{"@type":"EntryPoint","urlTemplate":"https:\/\/yamilapica.com\/?s={search_term_string}"},"query-input":{"@type":"PropertyValueSpecification","valueRequired":true,"valueName":"search_term_string"}}],"inLanguage":"es"},{"@type":["Person","Organization"],"@id":"https:\/\/yamilapica.com\/#\/schema\/person\/0b49a5249c773db8925680f7cb8be734","name":"Yamila Pica","image":{"@type":"ImageObject","inLanguage":"es","@id":"https:\/\/yamilapica.com\/wp-content\/uploads\/2022\/04\/Webp.net-resizeimage-13.jpg","url":"https:\/\/yamilapica.com\/wp-content\/uploads\/2022\/04\/Webp.net-resizeimage-13.jpg","contentUrl":"https:\/\/yamilapica.com\/wp-content\/uploads\/2022\/04\/Webp.net-resizeimage-13.jpg","width":250,"height":78,"caption":"Yamila Pica"},"logo":{"@id":"https:\/\/yamilapica.com\/wp-content\/uploads\/2022\/04\/Webp.net-resizeimage-13.jpg"},"sameAs":["http:\/\/www.yamilapica.com"]}]}},"uagb_featured_image_src":{"full":["https:\/\/yamilapica.com\/wp-content\/uploads\/2025\/03\/yamila-jan-28-2025-kobe-web-365-2-2.jpg",1800,1369,false],"thumbnail":["https:\/\/yamilapica.com\/wp-content\/uploads\/2025\/03\/yamila-jan-28-2025-kobe-web-365-2-2-150x150.jpg",150,150,true],"medium":["https:\/\/yamilapica.com\/wp-content\/uploads\/2025\/03\/yamila-jan-28-2025-kobe-web-365-2-2-300x228.jpg",300,228,true],"medium_large":["https:\/\/yamilapica.com\/wp-content\/uploads\/2025\/03\/yamila-jan-28-2025-kobe-web-365-2-2-768x584.jpg",768,584,true],"large":["https:\/\/yamilapica.com\/wp-content\/uploads\/2025\/03\/yamila-jan-28-2025-kobe-web-365-2-2-1024x779.jpg",1024,779,true],"1536x1536":["https:\/\/yamilapica.com\/wp-content\/uploads\/2025\/03\/yamila-jan-28-2025-kobe-web-365-2-2-1536x1168.jpg",1536,1168,true],"2048x2048":["https:\/\/yamilapica.com\/wp-content\/uploads\/2025\/03\/yamila-jan-28-2025-kobe-web-365-2-2.jpg",1800,1369,false],"course_archive_thumbnail":["https:\/\/yamilapica.com\/wp-content\/uploads\/2025\/03\/yamila-jan-28-2025-kobe-web-365-2-2-131x100.jpg",131,100,true],"course_single_thumbnail":["https:\/\/yamilapica.com\/wp-content\/uploads\/2025\/03\/yamila-jan-28-2025-kobe-web-365-2-2-131x100.jpg",131,100,true],"lesson_archive_thumbnail":["https:\/\/yamilapica.com\/wp-content\/uploads\/2025\/03\/yamila-jan-28-2025-kobe-web-365-2-2-197x150.jpg",197,150,true],"lesson_single_thumbnail":["https:\/\/yamilapica.com\/wp-content\/uploads\/2025\/03\/yamila-jan-28-2025-kobe-web-365-2-2-197x150.jpg",197,150,true],"woocommerce_thumbnail":["https:\/\/yamilapica.com\/wp-content\/uploads\/2025\/03\/yamila-jan-28-2025-kobe-web-365-2-2-300x300.jpg",300,300,true],"woocommerce_single":["https:\/\/yamilapica.com\/wp-content\/uploads\/2025\/03\/yamila-jan-28-2025-kobe-web-365-2-2-600x456.jpg",600,456,true],"woocommerce_gallery_thumbnail":["https:\/\/yamilapica.com\/wp-content\/uploads\/2025\/03\/yamila-jan-28-2025-kobe-web-365-2-2-100x100.jpg",100,100,true]},"uagb_author_info":{"display_name":"Yamila Pica","author_link":"https:\/\/yamilapica.com\/index.php\/author\/"},"uagb_comment_info":0,"uagb_excerpt":"En mi libro Belleza Honesta te ense\u00f1ar\u00e9 a encontrar la imagen que siempre quisiste tener. A lo largo de sus p\u00e1ginas, te voy a acompa\u00f1ar para entender los secretos de la imagen personal, la moda y el estilo, de forma simple y con claves f\u00e1ciles para que puedas aplicar y encontrar rapidamente la mejor version&hellip;","_links":{"self":[{"href":"https:\/\/yamilapica.com\/index.php\/wp-json\/wp\/v2\/product\/1086","targetHints":{"allow":["GET"]}}],"collection":[{"href":"https:\/\/yamilapica.com\/index.php\/wp-json\/wp\/v2\/product"}],"about":[{"href":"https:\/\/yamilapica.com\/index.php\/wp-json\/wp\/v2\/types\/product"}],"version-history":[{"count":2,"href":"https:\/\/yamilapica.com\/index.php\/wp-json\/wp\/v2\/product\/1086\/revisions"}],"predecessor-version":[{"id":3580,"href":"https:\/\/yamilapica.com\/index.php\/wp-json\/wp\/v2\/product\/1086\/revisions\/3580"}],"wp:featuredmedia":[{"embeddable":true,"href":"https:\/\/yamilapica.com\/index.php\/wp-json\/wp\/v2\/media\/4018"}],"wp:attachment":[{"href":"https:\/\/yamilapica.com\/index.php\/wp-json\/wp\/v2\/media?parent=1086"}],"wp:term":[{"taxonomy":"product_brand","embeddable":true,"href":"https:\/\/yamilapica.com\/index.php\/wp-json\/wp\/v2\/product_brand?post=1086"},{"taxonomy":"product_cat","embeddable":true,"href":"https:\/\/yamilapica.com\/index.php\/wp-json\/wp\/v2\/product_cat?post=1086"},{"taxonomy":"product_tag","embeddable":true,"href":"https:\/\/yamilapica.com\/index.php\/wp-json\/wp\/v2\/product_tag?post=1086"}],"curies":[{"name":"wp","href":"https:\/\/api.w.org\/{rel}","templated":true}]}}